{"id":819,"date":"2021-10-14T14:41:36","date_gmt":"2021-10-14T13:41:36","guid":{"rendered":"https:\/\/pilotfishes.com\/?page_id=819"},"modified":"2023-05-24T16:30:24","modified_gmt":"2023-05-24T15:30:24","slug":"life-insurances","status":"publish","type":"page","link":"https:\/\/pilotfishes.com\/fr\/life-insurances\/","title":{"rendered":"Life Insurances"},"content":{"rendered":"<header>\n\n    \n\n<div class=\"wp-block-cover is-light\"><span aria-hidden=\"true\" class=\"wp-block-cover__background has-background-dim-0 has-background-dim\"><\/span><img decoding=\"async\" loading=\"lazy\" width=\"2400\" height=\"1350\" class=\"wp-block-cover__image-background wp-image-800\" alt=\"\" src=\"https:\/\/pilotfishes.com\/wp-content\/uploads\/2021\/10\/life-insurances.jpg\" data-object-fit=\"cover\" srcset=\"https:\/\/pilotfishes.com\/wp-content\/uploads\/2021\/10\/life-insurances.jpg 2400w, https:\/\/pilotfishes.com\/wp-content\/uploads\/2021\/10\/life-insurances-300x169.jpg 300w, https:\/\/pilotfishes.com\/wp-content\/uploads\/2021\/10\/life-insurances-1024x576.jpg 1024w, https:\/\/pilotfishes.com\/wp-content\/uploads\/2021\/10\/life-insurances-768x432.jpg 768w, https:\/\/pilotfishes.com\/wp-content\/uploads\/2021\/10\/life-insurances-160x90.jpg 160w, https:\/\/pilotfishes.com\/wp-content\/uploads\/2021\/10\/life-insurances-320x180.jpg 320w, https:\/\/pilotfishes.com\/wp-content\/uploads\/2021\/10\/life-insurances-640x360.jpg 640w, https:\/\/pilotfishes.com\/wp-content\/uploads\/2021\/10\/life-insurances-960x540.jpg 960w, https:\/\/pilotfishes.com\/wp-content\/uploads\/2021\/10\/life-insurances-1280x720.jpg 1280w, https:\/\/pilotfishes.com\/wp-content\/uploads\/2021\/10\/life-insurances-1600x900.jpg 1600w\" sizes=\"(max-width: 2400px) 100vw, 2400px\" \/><div class=\"wp-block-cover__inner-container\">\n<p class=\"has-text-align-center has-large-font-size\"><\/p>\n<\/div><\/div>\n\n\n\n<\/header>\n\n\n<h4 class=\"wp-block-heading\">Premi\u00e8re 2023<\/h4>\n\n\n\n<h1 class=\"wp-block-heading\">Life Insurances<\/h1>\n\n\n\n<p class=\"has-small-font-size\"><sup>* Les assurances vie&nbsp;<\/sup><\/p>\n\n\n\n<p>Un titre qui regroupe, pour nous, la vari\u00e9t\u00e9 de toutes les actions mises en place, dans nos vies, pour se pr\u00e9munir de choses n\u00e9fastes, ind\u00e9sirables et ind\u00e9sir\u00e9es.<\/p>\n\n\n\n<p>Dans un duo aussi absurde que s\u00e9rieux, nous construisons un r\u00e9cit autour de ce qui se passe pour r\u00e9pondre \u00e0 l\u2019impr\u00e9vu, \u00e0 l\u2019accident, voire au drame.<\/p>\n\n\n\n<p><em><strong>Life Insurances<\/strong>&nbsp;<\/em>explore l&rsquo;incroyable inventivit\u00e9 de l&rsquo;\u00eatre humain devant cette angoisse de mort qui nous est intrins\u00e8que.<br>Sans en \u00eatre forc\u00e9ment conscient.e.s, nos vies sont rythm\u00e9es par toutes les actions que nous faisons pour nous prot\u00e9ger de cette angoisse. Et ce qui nous int\u00e9resse particuli\u00e8rement ici, c\u2019est leur&nbsp;potentiel comique&nbsp;: parce qu&rsquo;\u00e0 la fois ces actions sont vaines, inutiles et ridicules, \u00e0 la fois elles sont compl\u00e8tement n\u00e9cessaires \u00e0 notre bien-\u00eatre et projection dans la vie. Elles occupent une grande partie de nos cerveaux. Elles sont structurantes.<\/p>\n\n\n\n<div class=\"wp-block-group p-p2 p-md-p4 is-layout-flow\"><div class=\"wp-block-group__inner-container\">\n<figure class=\"wp-block-embed is-type-video is-provider-youtube wp-block-embed-youtube wp-embed-aspect-16-9 wp-has-aspect-ratio\"><div class=\"wp-block-embed__wrapper\">\n<iframe loading=\"lazy\" title=\"LIFE INSURANCES_TRAILER\" width=\"500\" height=\"281\" src=\"https:\/\/www.youtube.com\/embed\/xh_rSk-_yUE?feature=oembed\" frameborder=\"0\" allow=\"accelerometer; autoplay; clipboard-write; encrypted-media; gyroscope; picture-in-picture; web-share\" allowfullscreen><\/iframe>\n<\/div><figcaption class=\"wp-element-caption\"><sup>Images by Kevin Rolland<\/sup><\/figcaption><\/figure>\n\n\n<p><iframe loading=\"lazy\" width=\"100%\" height=\"320\" scrolling=\"no\" frameborder=\"no\" allow=\"autoplay\" src=\"https:\/\/w.soundcloud.com\/player\/?url=https%3A\/\/api.soundcloud.com\/playlists\/1553615578&amp;color=%23d4dce4&amp;auto_play=false&amp;hide_related=false&amp;show_comments=true&amp;show_user=true&amp;show_reposts=false&amp;show_teaser=true\"><\/iframe><\/p>\n<div style=\"font-size: 10px; color: #cccccc;line-break: anywhere;word-break: normal;overflow: hidden;white-space: nowrap;text-overflow: ellipsis; font-family: Interstate,Lucida Grande,Lucida Sans Unicode,Lucida Sans,Garuda,Verdana,Tahoma,sans-serif;font-weight: 100;\"><a href=\"https:\/\/soundcloud.com\/pilot-fishes\" title=\"Pilot Fishes\" target=\"_blank\" style=\"color: #cccccc; text-decoration: none;\">Pilot Fishes<\/a> \u00b7 <a href=\"https:\/\/soundcloud.com\/pilot-fishes\/sets\/life-insurances\" title=\"Life Insurances\" target=\"_blank\" style=\"color: #cccccc; text-decoration: none;\">Life Insurances<\/a><\/div>\n\n\n\n<figure class=\"wp-block-embed is-type-video is-provider-youtube wp-block-embed-youtube wp-embed-aspect-16-9 wp-has-aspect-ratio\"><div class=\"wp-block-embed__wrapper\">\n<iframe loading=\"lazy\" title=\"Life Insurances _Teaser #1\" width=\"500\" height=\"281\" src=\"https:\/\/www.youtube.com\/embed\/o-5kOI37TCU?feature=oembed\" frameborder=\"0\" allow=\"accelerometer; autoplay; clipboard-write; encrypted-media; gyroscope; picture-in-picture; web-share\" allowfullscreen><\/iframe>\n<\/div><figcaption class=\"wp-element-caption\"><sup>Images by Lo\u00efg Nguyen<\/sup><\/figcaption><\/figure>\n\n\n\n<figure class=\"wp-block-embed is-type-video is-provider-youtube wp-block-embed-youtube wp-embed-aspect-16-9 wp-has-aspect-ratio\"><div class=\"wp-block-embed__wrapper\">\n<iframe loading=\"lazy\" title=\"Life Insurances_Teaser #2\" width=\"500\" height=\"281\" src=\"https:\/\/www.youtube.com\/embed\/7i9CF-62z0M?feature=oembed\" frameborder=\"0\" allow=\"accelerometer; autoplay; clipboard-write; encrypted-media; gyroscope; picture-in-picture; web-share\" allowfullscreen><\/iframe>\n<\/div><figcaption class=\"wp-element-caption\"><sup>Images by Lo\u00efg Nguyen<\/sup><\/figcaption><\/figure>\n<\/div><\/div>\n\n\n\n<div class=\"wp-block-group p-p2 p-md-p4 has-sparkles-background-color has-background is-layout-flow\"><div class=\"wp-block-group__inner-container\">\n<figure class=\"wp-block-embed is-type-video is-provider-youtube wp-block-embed-youtube wp-embed-aspect-16-9 wp-has-aspect-ratio\"><div class=\"wp-block-embed__wrapper\">\n<iframe loading=\"lazy\" title=\"Life Insurances \/ Primitive Fire Making in Complete Safety\" width=\"500\" height=\"281\" src=\"https:\/\/www.youtube.com\/embed\/f6zg8r9eDZM?feature=oembed\" frameborder=\"0\" allow=\"accelerometer; autoplay; clipboard-write; encrypted-media; gyroscope; picture-in-picture; web-share\" allowfullscreen><\/iframe>\n<\/div><\/figure>\n<\/div><\/div>\n\n\n\n<div class=\"wp-block-group credits has-eggshell-background-color has-background is-layout-flow\"><div class=\"wp-block-group__inner-container\">\n<p><strong><em>Cr\u00e9ation &amp; Performance<\/em><\/strong>&nbsp;\u2013 Alina Bilokon &amp; L\u00e9a Rault<\/p>\n\n\n\n<p><strong><em>Musique &amp; Cr\u00e9ation sonore<\/em><\/strong>&nbsp;\u2013 J\u00e9r\u00e9my Rouault<br><strong><em>Textes &amp; Chants<\/em><\/strong>&nbsp;\u2013 Alina Bilokon &amp; L\u00e9a Rault<br><strong><em>Collaboration artistique et voix off&nbsp;<\/em><\/strong>&nbsp;\u2013&nbsp;Arnaud Stephan<br><strong><em>Cr\u00e9ation lumi\u00e8res<\/em><\/strong>&nbsp;\u2013 Thibaut Galmiche<br><strong><em>Sc\u00e9nographie<\/em><\/strong>&nbsp;\u2013 Nicolas Marie<br><strong><em>Costumes<\/em><\/strong>&nbsp;\u2013&nbsp;Anna le Reun<br><em><strong>R\u00e9gie lumi\u00e8res<\/strong><\/em>&nbsp;\u2013 Thibaut Galmiche &amp; Rodrigue Bernard (en alternance)<br><strong><em>Construction<\/em><\/strong>&nbsp;\u2013 F\u00e9lix L\u00f6hmann<br><br><strong><em>Administration de Production<\/em><\/strong>&nbsp;\u2013 Charlotte Canc\u00e9, bureau AOZA<\/p>\n\n\n\n<p><strong><em>PRODUCTION<\/em><\/strong>&nbsp;\u2013 PILOT FISHES<br><strong><em>CO-PRODUCTION<\/em><\/strong>&nbsp;\u2013 Danse \u00e0 tous les \u00e9tages, Rennes | Le TU, Nantes | Le Petit Echo de la Mode, Ch\u00e2telaudren | Le Mac Orlan, Brest.<br><strong><em><strong><em>AVEC LE SOUTIEN DE<\/em><\/strong>&nbsp;<\/em><\/strong>\u2013 Itin\u00e9raires d\u2019artiste(s) 2022 \u2013 Coop\u00e9ration Nantes-Rennes-Brest-Rouen-Le Mans | La Paillette, Rennes | Le Triangle, Cit\u00e9 de la Danse, Rennes | R\u00e9servoir Danse, Rennes | M\u00e9c\u00e9nat de la Caisse des D\u00e9p\u00f4ts.<\/p>\n\n\n\n<p><strong><em>REMERCIEMENTS<\/em><\/strong>&nbsp;\u2013 Robin Decaux, Lo\u00efc Hache, Ronan Loisel, Lo\u00efg Nguyen, Kristoff Bertram, Hugo Geoffre, Pierre-Yves Poup, Erwan Masseron &amp; Jocelyn Emmell.<\/p>\n\n\n\n<p><strong><em><strong><em>EN COMPLICIT\u00c9 AVEC<\/em><\/strong><\/em><\/strong>&nbsp;\u2013&nbsp;Laura Fouquer\u00e9&nbsp;et&nbsp;Cyril Ollivier&nbsp;de la&nbsp;Cie L\u2019Unanime&nbsp;lors du laboratoire \u00e0 La Passerelle (juillet 2021) et celui \u00e0 La Paillette (f\u00e9vrier 2022).<\/p>\n\n\n\n<p><em>Les temps de laboratoires (juillet 2021 \u00e0 mars 2022) sont financ\u00e9s par le Minist\u00e8re de la Culture et la Ville de Rennes dans le cadre du plan de relance, et par La Passerelle, Sc\u00e8ne Nationale de Saint Brieuc.<\/em><\/p>\n<\/div><\/div>\n","protected":false},"excerpt":{"rendered":"<p>Premi\u00e8re 2023 Life Insurances * Les assurances vie&nbsp; Un titre qui regroupe, pour nous, la vari\u00e9t\u00e9 de toutes les actions mises en place, dans nos vies, pour se pr\u00e9munir de choses n\u00e9fastes, ind\u00e9sirables et ind\u00e9sir\u00e9es. Dans un duo aussi absurde que s\u00e9rieux, nous construisons un r\u00e9cit autour de ce qui se passe pour r\u00e9pondre \u00e0<\/p>\n","protected":false},"author":1,"featured_media":801,"parent":0,"menu_order":0,"comment_status":"closed","ping_status":"closed","template":"","meta":[],"yoast_head":"<!-- This site is optimized with the Yoast SEO plugin v21.8.1 - https:\/\/yoast.com\/wordpress\/plugins\/seo\/ -->\n<title>Life Insurances &#8226; PILOT FISHES<\/title>\n<meta name=\"robots\" content=\"index, follow, max-snippet:-1, max-image-preview:large, max-video-preview:-1\" \/>\n<link rel=\"canonical\" href=\"https:\/\/pilotfishes.com\/fr\/life-insurances\/\" \/>\n<meta property=\"og:locale\" content=\"fr_FR\" \/>\n<meta property=\"og:type\" content=\"article\" \/>\n<meta property=\"og:title\" content=\"Life Insurances &#8226; PILOT FISHES\" \/>\n<meta property=\"og:description\" content=\"Premi\u00e8re 2023 Life Insurances * Les assurances vie&nbsp; Un titre qui regroupe, pour nous, la vari\u00e9t\u00e9 de toutes les actions mises en place, dans nos vies, pour se pr\u00e9munir de choses n\u00e9fastes, ind\u00e9sirables et ind\u00e9sir\u00e9es. Dans un duo aussi absurde que s\u00e9rieux, nous construisons un r\u00e9cit autour de ce qui se passe pour r\u00e9pondre \u00e0\" \/>\n<meta property=\"og:url\" content=\"https:\/\/pilotfishes.com\/fr\/life-insurances\/\" \/>\n<meta property=\"og:site_name\" content=\"PILOT FISHES\" \/>\n<meta property=\"article:publisher\" content=\"https:\/\/www.facebook.com\/Pilot-Fishes-481408215257472\/\" \/>\n<meta property=\"article:modified_time\" content=\"2023-05-24T15:30:24+00:00\" \/>\n<meta property=\"og:image\" content=\"https:\/\/pilotfishes.com\/wp-content\/uploads\/2021\/10\/life-insurances-1024x576.jpg\" \/>\n\t<meta property=\"og:image:width\" content=\"1024\" \/>\n\t<meta property=\"og:image:height\" content=\"576\" \/>\n\t<meta property=\"og:image:type\" content=\"image\/jpeg\" \/>\n<meta name=\"twitter:card\" content=\"summary_large_image\" \/>\n<meta name=\"twitter:label1\" content=\"Dur\u00e9e de lecture estim\u00e9e\" \/>\n\t<meta name=\"twitter:data1\" content=\"2 minutes\" \/>\n<script type=\"application\/ld+json\" class=\"yoast-schema-graph\">{\"@context\":\"https:\/\/schema.org\",\"@graph\":[{\"@type\":\"WebPage\",\"@id\":\"https:\/\/pilotfishes.com\/fr\/life-insurances\/\",\"url\":\"https:\/\/pilotfishes.com\/fr\/life-insurances\/\",\"name\":\"Life Insurances &#8226; PILOT FISHES\",\"isPartOf\":{\"@id\":\"https:\/\/pilotfishes.com\/#website\"},\"datePublished\":\"2021-10-14T13:41:36+00:00\",\"dateModified\":\"2023-05-24T15:30:24+00:00\",\"inLanguage\":\"fr-FR\",\"potentialAction\":[{\"@type\":\"ReadAction\",\"target\":[\"https:\/\/pilotfishes.com\/fr\/life-insurances\/\"]}]},{\"@type\":\"WebSite\",\"@id\":\"https:\/\/pilotfishes.com\/#website\",\"url\":\"https:\/\/pilotfishes.com\/\",\"name\":\"PILOT FISHES\",\"description\":\"Dance. Dance. Dance.\",\"potentialAction\":[{\"@type\":\"SearchAction\",\"target\":{\"@type\":\"EntryPoint\",\"urlTemplate\":\"https:\/\/pilotfishes.com\/?s={search_term_string}\"},\"query-input\":\"required name=search_term_string\"}],\"inLanguage\":\"fr-FR\"}]}<\/script>\n<!-- \/ Yoast SEO plugin. -->","yoast_head_json":{"title":"Life Insurances &#8226; PILOT FISHES","robots":{"index":"index","follow":"follow","max-snippet":"max-snippet:-1","max-image-preview":"max-image-preview:large","max-video-preview":"max-video-preview:-1"},"canonical":"https:\/\/pilotfishes.com\/fr\/life-insurances\/","og_locale":"fr_FR","og_type":"article","og_title":"Life Insurances &#8226; PILOT FISHES","og_description":"Premi\u00e8re 2023 Life Insurances * Les assurances vie&nbsp; Un titre qui regroupe, pour nous, la vari\u00e9t\u00e9 de toutes les actions mises en place, dans nos vies, pour se pr\u00e9munir de choses n\u00e9fastes, ind\u00e9sirables et ind\u00e9sir\u00e9es. Dans un duo aussi absurde que s\u00e9rieux, nous construisons un r\u00e9cit autour de ce qui se passe pour r\u00e9pondre \u00e0","og_url":"https:\/\/pilotfishes.com\/fr\/life-insurances\/","og_site_name":"PILOT FISHES","article_publisher":"https:\/\/www.facebook.com\/Pilot-Fishes-481408215257472\/","article_modified_time":"2023-05-24T15:30:24+00:00","og_image":[{"width":1024,"height":576,"url":"https:\/\/pilotfishes.com\/wp-content\/uploads\/2021\/10\/life-insurances-1024x576.jpg","type":"image\/jpeg"}],"twitter_card":"summary_large_image","twitter_misc":{"Dur\u00e9e de lecture estim\u00e9e":"2 minutes"},"schema":{"@context":"https:\/\/schema.org","@graph":[{"@type":"WebPage","@id":"https:\/\/pilotfishes.com\/fr\/life-insurances\/","url":"https:\/\/pilotfishes.com\/fr\/life-insurances\/","name":"Life Insurances &#8226; PILOT FISHES","isPartOf":{"@id":"https:\/\/pilotfishes.com\/#website"},"datePublished":"2021-10-14T13:41:36+00:00","dateModified":"2023-05-24T15:30:24+00:00","inLanguage":"fr-FR","potentialAction":[{"@type":"ReadAction","target":["https:\/\/pilotfishes.com\/fr\/life-insurances\/"]}]},{"@type":"WebSite","@id":"https:\/\/pilotfishes.com\/#website","url":"https:\/\/pilotfishes.com\/","name":"PILOT FISHES","description":"Dance. Dance. Dance.","potentialAction":[{"@type":"SearchAction","target":{"@type":"EntryPoint","urlTemplate":"https:\/\/pilotfishes.com\/?s={search_term_string}"},"query-input":"required name=search_term_string"}],"inLanguage":"fr-FR"}]}},"_links":{"self":[{"href":"https:\/\/pilotfishes.com\/fr\/wp-json\/wp\/v2\/pages\/819"}],"collection":[{"href":"https:\/\/pilotfishes.com\/fr\/wp-json\/wp\/v2\/pages"}],"about":[{"href":"https:\/\/pilotfishes.com\/fr\/wp-json\/wp\/v2\/types\/page"}],"author":[{"embeddable":true,"href":"https:\/\/pilotfishes.com\/fr\/wp-json\/wp\/v2\/users\/1"}],"replies":[{"embeddable":true,"href":"https:\/\/pilotfishes.com\/fr\/wp-json\/wp\/v2\/comments?post=819"}],"version-history":[{"count":18,"href":"https:\/\/pilotfishes.com\/fr\/wp-json\/wp\/v2\/pages\/819\/revisions"}],"predecessor-version":[{"id":1051,"href":"https:\/\/pilotfishes.com\/fr\/wp-json\/wp\/v2\/pages\/819\/revisions\/1051"}],"wp:featuredmedia":[{"embeddable":true,"href":"https:\/\/pilotfishes.com\/fr\/wp-json\/wp\/v2\/media\/801"}],"wp:attachment":[{"href":"https:\/\/pilotfishes.com\/fr\/wp-json\/wp\/v2\/media?parent=819"}],"curies":[{"name":"wp","href":"https:\/\/api.w.org\/{rel}","templated":true}]}}