{"id":610,"date":"2020-02-10T21:15:51","date_gmt":"2020-02-10T21:15:51","guid":{"rendered":"https:\/\/pilotfishes.com\/?page_id=610"},"modified":"2020-02-10T21:15:52","modified_gmt":"2020-02-10T21:15:52","slug":"lyrics-texts","status":"publish","type":"page","link":"https:\/\/pilotfishes.com\/fr\/tyj\/lyrics-texts\/","title":{"rendered":"Lyrics &#038; Texts"},"content":{"rendered":"\n<h1 class=\"wp-block-heading\">Lyrics &amp; Texts for TYJ<\/h1>\n\n\n\n<div class=\"wp-block-group text-md-column\"><div class=\"wp-block-group__inner-container is-layout-flow\">\n<h2 class=\"wp-block-heading\">Here &amp; Hot<\/h2>\n\n\n\n<p>Alina Bilokon<\/p>\n\n\n\n<p>oh God. let me be here<br>let me be hot. oh God<br>I\u2019m not ready. God<br>where is my skirt. oh God<\/p>\n\n\n\n<p>oh God. just let me be here let me be hot<\/p>\n\n\n\n<p>give me advice. oh God<br>I can not do this without it<br>oh please. just give me advice<br>because you definitely know what I need<\/p>\n\n\n\n<p>I will behave<br>I will be brave<br>I will be straight<\/p>\n\n\n\n<p>oh God. just let me be here let me be hot<\/p>\n\n\n\n<p>I&rsquo;m wondering about result<br>of this way of time spending. oh God<br>it&rsquo;s not working when I&rsquo;m on my own<br>you should rule me with your iron rod<\/p>\n\n\n\n<p>it\u2019s time for advice!<br>you are the only one knowing how this should be<br>can you be more specific, oh dear<br>your wisdom is overwhelming<\/p>\n\n\n\n<p>I will behave<br>I will be brave<br>I will be straight<\/p>\n\n\n\n<p>oh God, just let me be here let me be hot<\/p>\n\n\n\n<p>look at this overflowing positivism!<\/p>\n\n\n\n<h2 class=\"wp-block-heading\">Powers Over My Matters<\/h2>\n\n\n\n<p>Alina Bilokon<\/p>\n\n\n\n<p>I want you to be sure of what I am doing now<br>Look, I\u2019m standing, I\u2019m singing, I\u2019m dancing<br>Made of sterner stuff, strict and severe<br>My sharp eyes are missing nothing<\/p>\n\n\n\n<p>Our story is like a class warfare<br>We are playing in different leagues<br>You are sitting in your orthopedic chair<br>I am weeping my crocodile tears<\/p>\n\n\n\n<p>We never will feel satisfied<br>Cause you are meant to do something special<br>Only your generosity &#8211; is what I like<br>Exercise of your powers over my matters<\/p>\n\n\n\n<p>Tell where are your thoughts right now<br>On your lover\u2019s chest, on seaside, at home<br>They\u2019re connected to your real desires<br>I know you pretend you are an admirer<\/p>\n\n\n\n<p>Oh, Me. I dream of a day in SPA<br>Some private SPA. Where I am alone<br>Where I don\u2019t need to look at other\u2019s beauties<br>SPA. Where oily rubbing will make me moan<\/p>\n\n\n\n<p>It\u2019s the only thing we have in common<br>We always want to be somewhere else<br>I can not really lean on your empathy<br>We will always be like berries and bears<\/p>\n\n\n\n<p>And we never will feel satisfied<br>Cause you\u2019re meant to do something special<br>Only your generosity &#8211; is what I like<br>Exercise of your powers over my matters<\/p>\n\n\n\n<h2 class=\"wp-block-heading\">THE BEND<\/h2>\n\n\n\n<p>L\u00e9a Rault<\/p>\n\n\n\n<p>This is our love, for fathomless love.<br>My poise is my trademark,<br>Don&rsquo;t take it personal, I am enjoying it.<\/p>\n\n\n\n<p>This is our love, for fathomless love !<\/p>\n\n\n\n<p>I look at myself hurling my joy off the cliff, and I laugh,<br>Rubbing my heart against stones, Orcus smoothering my strange moves,<br>I&rsquo;ve made up a whole story, worry, I&rsquo;ve whirled and I&rsquo;ve swapped roles, poles.<\/p>\n\n\n\n<p>We&rsquo;ve been taming each others, performing gaze,<br>Playing games, joking with the maze, like life depends on it !<\/p>\n\n\n\n<p>Eating pleasures,<br>Pleasures to eat !<\/p>\n\n\n\n<p>Oh, I&rsquo;m offering myself to you,<br>But always seeking a place that is mine,<br>I&rsquo;ve spinned and I&rsquo;ve stormed out of given awes, I<br>want to have goose pimples, you know ?<br>Ungraspable.Available. Capable.Adorable. Desirable. Laughable. Unsuitable. Lovable.<\/p>\n\n\n\n<p>I&rsquo;ve stood in the song, the space is filled with joy,<br>my lines, squares, circles create new zones,<br>where the lion seeks his own path, that is mine.<br>When one says : from afar it is something, too close it is nothing,<br>lion says : from inside it is thrilling !<br>Enjoying death even, I&rsquo;m performing.<br>Like a good song, all over again.<\/p>\n\n\n\n<h2 class=\"wp-block-heading\">Penth\u00e9sil\u00e9e<\/h2>\n\n\n\n<p>Heinrich Von Kleist<\/p>\n\n\n\n<p>Elle freine la course fougueuse de son cheval,<br>La poussi\u00e8re s&rsquo;\u00e9l\u00e8ve autour d&rsquo;elle,<br>Et le visage radieux tourn\u00e9 vers la cime,<br>Elle mesure un instant la paroi :<br>Son cimier lui-m\u00eame, comme s&rsquo;il s&rsquo;effrayait,<br>La tire par le cr\u00e2ne violemment en arri\u00e8re :<br>Puis tout \u00e0 coup l\u00e2chant les r\u00eanes,<br>On la voit, prise de vertige, presser \u00e0 la h\u00e2te<br>Son front cern\u00e9 par le flot des cheveux<br>Dans ses deux petites mains.<br>Boulevers\u00e9es par cette \u00e9trange vision,<br>Toutes les vierges s&rsquo;affairent autour d&rsquo;elle,<br>La suppliant avec des gestes ardents et insistants ;<br>L&rsquo;une qui semble \u00eatre une proche parente<br>L&rsquo;entoure de son bras, tandis qu&rsquo;une autre,<br>Encore plus d\u00e9cid\u00e9e, saisit les r\u00eanes :<br>On veut de force l&#8217;emp\u00eacher d&rsquo;avancer,<br>[\u2026]Ecoutez.<br>Vaines sont les tentatives pour la retenir,<br>Elle repousse avec douceur et fermet\u00e9<br>Les femmes, et d&rsquo;un trot nerveux<br>Elle va et vient le long de la paroi :<br>Cherchant si quelque sentier \u00e9troit ne s&rsquo;offrirait<br>A son d\u00e9sir qui n&rsquo;a pas d&rsquo;ailes ;<br>Puis on la voit, l&rsquo;enrag\u00e9e,<br>Escalader la paroi rocheuse,<br>Frayant dans son d\u00e9sir ardent, sa voie,<br>Pleine de l&rsquo;espoir insens\u00e9 d&rsquo;attraper<br>La proie prise dans les rets.<br>Apr\u00e8s avoir tent\u00e9 les crevasses les plus douces<br>Que la pluie a creus\u00e9es dans la roche,<br>La pente, elle le voit, est impraticable ;<br>Mais comme priv\u00e9e de jugement, elle revient sur ses pas<br>Et reprend l&rsquo;escalade comme au commencement.<br>Et s&rsquo;\u00e9lance, l&rsquo;infatigable, en effet,<br>Sur des sentiers que le pas du marcheur \u00e9viterait,<br>S&rsquo;\u00e9lance tout pr\u00e8s du bord sup\u00e9rieur de la cime,<br>Un rien l&rsquo;en s\u00e9pare ; et alors qu&rsquo;elle se tient<br>Sur un bloc de granit qui n&rsquo;offre pas plus de place<br>Qu&rsquo;il n&rsquo;en faut \u00e0 un chamois pour se tenir,<br>Terrifi\u00e9e par les rochers qui se dressent autour d&rsquo;elle,<br>Elle n&rsquo;ose plus faire un pas, ni en avant ni en arri\u00e8re ;<br>Les cris angoiss\u00e9s des femmes percent l&rsquo;air :<br>Elle pr\u00e9cipite soudain cavale et cavali\u00e8re,<br>Parmi les roches qui se d\u00e9tachent avec fracas,<br>Comme si elle chutait dans l&rsquo;Orcus,<br>Jusqu&rsquo;au pied de la paroi rocheuse,<br>Et ne se rompt pas le cou mais n&rsquo;apprend rien non plus,<br>Se rel\u00e8ve et repart \u00e0 l&rsquo;assaut de l&rsquo;escalade.<\/p>\n\n\n\n<h2 class=\"wp-block-heading\">Who eats Who<\/h2>\n\n\n\n<p>Alina Bilokon<\/p>\n\n\n\n<p>gaze is directed to very Apex ones<\/p>\n\n\n\n<p>at first it\u2019s common to feel like a Zebra facing mouthy Lions<br>letting their Foxes contemplate my Hares<\/p>\n\n\n\n<p>is the only way to keep upgrading trophic levels<\/p>\n\n\n\n<p>and the great leap forward may occur<br>big run for scarce resources is beginning<br>fight for rank and access to reproduction<br>big in-bud contest for clique integration<\/p>\n\n\n\n<p>symbiotic relationship become prospective<br>the living together of unlike organisms<br>interspecies friendships get into perspective<br>awkward interaction mechanisms<\/p>\n\n\n\n<p>Zebra. striped coat horse<\/p>\n\n\n\n<p>popular in form of rug, once it\u2019s dead<br>submitted to stress, but very briefly<br>that\u2019s why it gets no ulcers. Sapolsky said<\/p>\n\n\n\n<p>she likes to share her space with Ostrich<br>largest living flightless bird<\/p>\n\n\n\n<p>the great reality avoider<br>its head in sand is often buried<\/p>\n\n\n\n<p>they work effectively together<br>from each other\u2019s strength they benefit<\/p>\n\n\n\n<p>one can see and other hear &amp; smell the danger<br>together they avoid the threat<\/p>\n\n\n\n<p>Hyenas are frightening and worthy of contempt<br>laughing and giggling they scavenge and hunt<br>with short back legs and drooling jaws<br>popular tale tells they can hypnotize<\/p>\n\n\n\n<p>some real thugs are having them as pets<br>spotted females dominate their males<br>competing for the top-spot in predators league<br>with Lions the Queens<\/p>\n\n\n\n<p>Crocodiles ambitious hunter<br>energy efficiency makes them go for bigs<br>Gustav large male from Burundi<\/p>\n\n\n\n<p>in Ruzizi river had 300 men for meals<\/p>\n\n\n\n<p>cricket eat grass<br>frog eat cricket<br>hawk eat frog<br>hawk eat mouse<br>mouse eat grass<br>mouse eat cricket<br>snake eat mouse<br>hawk eat snake<br>snake eat rabbit<br>rabbit eat grass<br>wolf eat rabbit<br>wolf eat deer<br>deer eat grass<\/p>\n\n\n\n<h2 class=\"wp-block-heading\">ONTOP<\/h2>\n\n\n\n<p>L\u00e9a Rault<\/p>\n\n\n\n<p>I&rsquo;m delighted to submit.<br>To Who&rsquo;s on top.<\/p>\n\n\n\n<p>I&rsquo;m the lion the one you can squeeze, you can bite.<br>But who will cry if I abandon you?<\/p>\n\n\n\n<p>And will you cry if I abandon you?<\/p>\n\n\n\n<p>I&rsquo;m delighted to submit. Who&rsquo;s on top?<\/p>\n\n\n\n<p>Don&rsquo;t worry, I&rsquo;ll come back.<\/p>\n\n\n\n<p>From your top position, you can&rsquo;t see anything,<br>And I see your ass, your fragile neck and chin.<br>And I see your strength in a square position.<br>And I see your standing in a fragile motion.<\/p>\n\n\n\n<p>You think I&rsquo;m a fool but I&rsquo;m the happiest.<br>I spend lazy days lying and topless.<br>But my eyes are aware of your little tricks.<br>And one day you will see where I suddenly fit.<\/p>\n<\/div><\/div>\n","protected":false},"excerpt":{"rendered":"<p>Lyrics &amp; Texts for TYJ Here &amp; Hot Alina Bilokon oh God. let me be herelet me be hot. oh GodI\u2019m not ready. Godwhere is my skirt. oh God oh God. just let me be here let me be hot give me advice. oh GodI can not do this without itoh please. just give me<\/p>\n","protected":false},"author":2,"featured_media":0,"parent":595,"menu_order":0,"comment_status":"closed","ping_status":"closed","template":"","meta":[],"yoast_head":"<!-- This site is optimized with the Yoast SEO plugin v21.8.1 - https:\/\/yoast.com\/wordpress\/plugins\/seo\/ -->\n<title>Lyrics &amp; Texts &#8226; PILOT FISHES<\/title>\n<meta name=\"robots\" content=\"index, follow, max-snippet:-1, max-image-preview:large, max-video-preview:-1\" \/>\n<link rel=\"canonical\" href=\"https:\/\/pilotfishes.com\/fr\/tyj\/lyrics-texts\/\" \/>\n<meta property=\"og:locale\" content=\"fr_FR\" \/>\n<meta property=\"og:type\" content=\"article\" \/>\n<meta property=\"og:title\" content=\"Lyrics &amp; Texts &#8226; PILOT FISHES\" \/>\n<meta property=\"og:description\" content=\"Lyrics &amp; Texts for TYJ Here &amp; Hot Alina Bilokon oh God. let me be herelet me be hot. oh GodI\u2019m not ready. Godwhere is my skirt. oh God oh God. just let me be here let me be hot give me advice. oh GodI can not do this without itoh please. just give me\" \/>\n<meta property=\"og:url\" content=\"https:\/\/pilotfishes.com\/fr\/tyj\/lyrics-texts\/\" \/>\n<meta property=\"og:site_name\" content=\"PILOT FISHES\" \/>\n<meta property=\"article:publisher\" content=\"https:\/\/www.facebook.com\/Pilot-Fishes-481408215257472\/\" \/>\n<meta property=\"article:modified_time\" content=\"2020-02-10T21:15:52+00:00\" \/>\n<meta property=\"og:image\" content=\"https:\/\/pilotfishes.com\/wp-content\/uploads\/2019\/01\/home-poster.jpg\" \/>\n\t<meta property=\"og:image:width\" content=\"2400\" \/>\n\t<meta property=\"og:image:height\" content=\"1344\" \/>\n\t<meta property=\"og:image:type\" content=\"image\/jpeg\" \/>\n<meta name=\"twitter:card\" content=\"summary_large_image\" \/>\n<meta name=\"twitter:label1\" content=\"Dur\u00e9e de lecture estim\u00e9e\" \/>\n\t<meta name=\"twitter:data1\" content=\"6 minutes\" \/>\n<script type=\"application\/ld+json\" class=\"yoast-schema-graph\">{\"@context\":\"https:\/\/schema.org\",\"@graph\":[{\"@type\":\"WebPage\",\"@id\":\"https:\/\/pilotfishes.com\/fr\/tyj\/lyrics-texts\/\",\"url\":\"https:\/\/pilotfishes.com\/fr\/tyj\/lyrics-texts\/\",\"name\":\"Lyrics & Texts &#8226; PILOT FISHES\",\"isPartOf\":{\"@id\":\"https:\/\/pilotfishes.com\/#website\"},\"datePublished\":\"2020-02-10T21:15:51+00:00\",\"dateModified\":\"2020-02-10T21:15:52+00:00\",\"breadcrumb\":{\"@id\":\"https:\/\/pilotfishes.com\/fr\/tyj\/lyrics-texts\/#breadcrumb\"},\"inLanguage\":\"fr-FR\",\"potentialAction\":[{\"@type\":\"ReadAction\",\"target\":[\"https:\/\/pilotfishes.com\/fr\/tyj\/lyrics-texts\/\"]}]},{\"@type\":\"BreadcrumbList\",\"@id\":\"https:\/\/pilotfishes.com\/fr\/tyj\/lyrics-texts\/#breadcrumb\",\"itemListElement\":[{\"@type\":\"ListItem\",\"position\":1,\"name\":\"TYJ\",\"item\":\"https:\/\/pilotfishes.com\/fr\/tyj\/\"},{\"@type\":\"ListItem\",\"position\":2,\"name\":\"Lyrics &#038; Texts\"}]},{\"@type\":\"WebSite\",\"@id\":\"https:\/\/pilotfishes.com\/#website\",\"url\":\"https:\/\/pilotfishes.com\/\",\"name\":\"PILOT FISHES\",\"description\":\"Dance. Dance. Dance.\",\"potentialAction\":[{\"@type\":\"SearchAction\",\"target\":{\"@type\":\"EntryPoint\",\"urlTemplate\":\"https:\/\/pilotfishes.com\/?s={search_term_string}\"},\"query-input\":\"required name=search_term_string\"}],\"inLanguage\":\"fr-FR\"}]}<\/script>\n<!-- \/ Yoast SEO plugin. -->","yoast_head_json":{"title":"Lyrics & Texts &#8226; PILOT FISHES","robots":{"index":"index","follow":"follow","max-snippet":"max-snippet:-1","max-image-preview":"max-image-preview:large","max-video-preview":"max-video-preview:-1"},"canonical":"https:\/\/pilotfishes.com\/fr\/tyj\/lyrics-texts\/","og_locale":"fr_FR","og_type":"article","og_title":"Lyrics & Texts &#8226; PILOT FISHES","og_description":"Lyrics &amp; Texts for TYJ Here &amp; Hot Alina Bilokon oh God. let me be herelet me be hot. oh GodI\u2019m not ready. Godwhere is my skirt. oh God oh God. just let me be here let me be hot give me advice. oh GodI can not do this without itoh please. just give me","og_url":"https:\/\/pilotfishes.com\/fr\/tyj\/lyrics-texts\/","og_site_name":"PILOT FISHES","article_publisher":"https:\/\/www.facebook.com\/Pilot-Fishes-481408215257472\/","article_modified_time":"2020-02-10T21:15:52+00:00","og_image":[{"width":2400,"height":1344,"url":"https:\/\/pilotfishes.com\/wp-content\/uploads\/2019\/01\/home-poster.jpg","type":"image\/jpeg"}],"twitter_card":"summary_large_image","twitter_misc":{"Dur\u00e9e de lecture estim\u00e9e":"6 minutes"},"schema":{"@context":"https:\/\/schema.org","@graph":[{"@type":"WebPage","@id":"https:\/\/pilotfishes.com\/fr\/tyj\/lyrics-texts\/","url":"https:\/\/pilotfishes.com\/fr\/tyj\/lyrics-texts\/","name":"Lyrics & Texts &#8226; PILOT FISHES","isPartOf":{"@id":"https:\/\/pilotfishes.com\/#website"},"datePublished":"2020-02-10T21:15:51+00:00","dateModified":"2020-02-10T21:15:52+00:00","breadcrumb":{"@id":"https:\/\/pilotfishes.com\/fr\/tyj\/lyrics-texts\/#breadcrumb"},"inLanguage":"fr-FR","potentialAction":[{"@type":"ReadAction","target":["https:\/\/pilotfishes.com\/fr\/tyj\/lyrics-texts\/"]}]},{"@type":"BreadcrumbList","@id":"https:\/\/pilotfishes.com\/fr\/tyj\/lyrics-texts\/#breadcrumb","itemListElement":[{"@type":"ListItem","position":1,"name":"TYJ","item":"https:\/\/pilotfishes.com\/fr\/tyj\/"},{"@type":"ListItem","position":2,"name":"Lyrics &#038; Texts"}]},{"@type":"WebSite","@id":"https:\/\/pilotfishes.com\/#website","url":"https:\/\/pilotfishes.com\/","name":"PILOT FISHES","description":"Dance. Dance. Dance.","potentialAction":[{"@type":"SearchAction","target":{"@type":"EntryPoint","urlTemplate":"https:\/\/pilotfishes.com\/?s={search_term_string}"},"query-input":"required name=search_term_string"}],"inLanguage":"fr-FR"}]}},"_links":{"self":[{"href":"https:\/\/pilotfishes.com\/fr\/wp-json\/wp\/v2\/pages\/610"}],"collection":[{"href":"https:\/\/pilotfishes.com\/fr\/wp-json\/wp\/v2\/pages"}],"about":[{"href":"https:\/\/pilotfishes.com\/fr\/wp-json\/wp\/v2\/types\/page"}],"author":[{"embeddable":true,"href":"https:\/\/pilotfishes.com\/fr\/wp-json\/wp\/v2\/users\/2"}],"replies":[{"embeddable":true,"href":"https:\/\/pilotfishes.com\/fr\/wp-json\/wp\/v2\/comments?post=610"}],"version-history":[{"count":1,"href":"https:\/\/pilotfishes.com\/fr\/wp-json\/wp\/v2\/pages\/610\/revisions"}],"predecessor-version":[{"id":611,"href":"https:\/\/pilotfishes.com\/fr\/wp-json\/wp\/v2\/pages\/610\/revisions\/611"}],"up":[{"embeddable":true,"href":"https:\/\/pilotfishes.com\/fr\/wp-json\/wp\/v2\/pages\/595"}],"wp:attachment":[{"href":"https:\/\/pilotfishes.com\/fr\/wp-json\/wp\/v2\/media?parent=610"}],"curies":[{"name":"wp","href":"https:\/\/api.w.org\/{rel}","templated":true}]}}