{"id":597,"date":"2017-11-11T16:31:31","date_gmt":"2017-11-11T16:31:31","guid":{"rendered":"https:\/\/pilotfishes.com\/?page_id=597"},"modified":"2021-10-07T10:15:30","modified_gmt":"2021-10-07T09:15:30","slug":"opswnbp","status":"publish","type":"page","link":"https:\/\/pilotfishes.com\/fr\/opswnbp\/","title":{"rendered":"OPSWNBP"},"content":{"rendered":"<header>\n\n    \n\n<div class=\"wp-block-cover\"><img decoding=\"async\" class=\"wp-block-cover__image-background wp-image-63\" alt=\"\" src=\"https:\/\/pilotfishes.com\/wp-content\/uploads\/2017\/11\/169-opswnbp.jpg\" data-object-fit=\"cover\"\/><div class=\"wp-block-cover__inner-container\">\n<p class=\"has-text-align-center has-large-font-size\"><\/p>\n<\/div><\/div>\n\n\n\n<\/header>\n\n\n<h1 class=\"has-text-align-center wp-block-heading\">Our Pop Song&nbsp;Will Never Be&nbsp;Popular<\/h1>\n\n\n\n<p class=\"has-text-align-center\">Illusion d\u2019une image<br>Illusion du spectacle<br>Illusion de l\u2019originalit\u00e9<br>Illusion de vouloir \u00eatre quelqu\u2019un qu\u2019on ne peut \u00eatre<br>Illusion d\u2019un qui fait deux ou deux qui font un<br>Illusion de la fusion<br>Illusion de r\u00e9gularit\u00e9<br>Illusion d\u2019une machine Illusion de domination Illusion d\u2019une relation<br>Illusion d\u2019un \u00e9change<br>Illusion d\u2019\u00eatre aim\u00e9<br>Illusion de l\u2019hypnose<br>Illusion d\u2019un super pouvoir de communication<\/p>\n\n\n\n<p class=\"has-text-align-center\">Venez nous voir !<br>Nous allons prendre soin de vous, de votre confort et de votre bonheur.&nbsp;<br>C\u2019est la seule et unique raison pour laquelle nous sommes ici.<br>Nous voulons \u00eatre s\u00fbres que vous soyez dans de parfaites conditions pour&nbsp;voir notre Pop Song.<br>Nous voulons vraiment que vous nous aimiez !<\/p>\n\n\n\n<p class=\"has-text-align-center\">Vous verrez que dans notre chanson, tout devient charmant, parce que&nbsp;nous avons fait en sorte, de plaire \u00e0 vos go\u00fbts esth\u00e9tiques.<\/p>\n\n\n\n<div class=\"wp-block-media-text alignwide has-media-on-the-right is-stacked-on-mobile has-ghost-white-background-color has-background\"><figure class=\"wp-block-media-text__media\"><img decoding=\"async\" loading=\"lazy\" width=\"1024\" height=\"576\" src=\"https:\/\/pilotfishes.com\/wp-content\/uploads\/2017\/11\/169-opswnbp-2-1024x576.jpg\" alt=\"\" class=\"wp-image-70 size-full\" srcset=\"https:\/\/pilotfishes.com\/wp-content\/uploads\/2017\/11\/169-opswnbp-2-1024x576.jpg 1024w, https:\/\/pilotfishes.com\/wp-content\/uploads\/2017\/11\/169-opswnbp-2-300x169.jpg 300w, https:\/\/pilotfishes.com\/wp-content\/uploads\/2017\/11\/169-opswnbp-2-768x432.jpg 768w, https:\/\/pilotfishes.com\/wp-content\/uploads\/2017\/11\/169-opswnbp-2-1536x864.jpg 1536w, https:\/\/pilotfishes.com\/wp-content\/uploads\/2017\/11\/169-opswnbp-2-2048x1152.jpg 2048w, https:\/\/pilotfishes.com\/wp-content\/uploads\/2017\/11\/169-opswnbp-2-640x360.jpg 640w, https:\/\/pilotfishes.com\/wp-content\/uploads\/2017\/11\/169-opswnbp-2-960x540.jpg 960w\" sizes=\"(max-width: 1024px) 100vw, 1024px\" \/><\/figure><div class=\"wp-block-media-text__content\">\n<div class=\"wp-block-group is-layout-flow\"><div class=\"wp-block-group__inner-container\">\n<div class=\"wp-block-group credits is-layout-flow\"><div class=\"wp-block-group__inner-container\">\n<p><strong><em>CREATION&nbsp;&amp;&nbsp;INTERPRETATION<\/em><\/strong>&nbsp;Alina Bilokon | L\u00e9a Rault<br><strong><em>MUSIC<\/em><\/strong>&nbsp;J\u00e9r\u00e9my Rouault<br><strong><em>LIGHT DESIGN<\/em><\/strong>&nbsp;Thibaut Galmiche<br><strong><em>COSTUMES<\/em><\/strong>&nbsp;<a rel=\"noreferrer noopener\" href=\"http:\/\/www.underthebridge-creation.com\/\" target=\"_blank\">Anna Le Reun\/Under The Bridge<\/a><\/p>\n\n\n\n<p><strong><em>PRODUCTION<\/em><\/strong>&nbsp;PILOT FISHES<br><strong><em>COPRODUCTION<\/em><\/strong>&nbsp;Office Municipal Culturel de Loud\u00e9ac | Itin\u00e9raires Bis.<br><strong><em>SUPPORT<\/em><\/strong>&nbsp;Minist\u00e8re de la Culture et de la Communication, DRAC Bretagne, au titre de l`aide \u00e0 la cr\u00e9ation | Conseil G\u00e9neral des C\u00f4tes d&rsquo;Armor | Mus\u00e9e de la Danse | Centre Culturel Mosa\u00efque de Collin\u00e9e | Le Triangle, Cit\u00e9 de la danse | Collectif Danse Rennes M\u00e9tropole | Association de Musique de Plouguenast | Le lyc\u00e9e de Kernilien | La Passerelle, Sc\u00e8ne Nationale de Saint Brieuc.<br><strong><em>ACKNOWLEDGEMENTS<\/em><\/strong>&nbsp;El\u00e9onore Didier et Arnaud Stephan pour leurs precieux conseils et leur aide apport\u00e9e au projet.&nbsp;Alexandre Gilles, Francis Abautret, Michel Rault, Nicole Rocaboy, Roberte Rocaboy, Ronan Berthom\u00e9, Sylvain Richard, les tontons flingueurs.&nbsp;Un grand merci \u00e0 Dominique Mah\u00e9 et l&rsquo;\u00e9quipe du Le 26, Elsa Boncoeur et J\u00e9r\u00f4me Bardeau<\/p>\n<\/div><\/div>\n<\/div><\/div>\n<\/div><\/div>\n\n\n\n<div class=\"wp-block-group has-sparkles-background-color has-background is-layout-flow\"><div class=\"wp-block-group__inner-container\">\n<p>Cette collaboration entre Alina Bilokon et L\u00e9a Rault a \u00e9t\u00e9 initi\u00e9e en 2010, pendant un travail de r\u00e9pertoire sur la pi\u00e8ce \u00ab Antonio Miguel \u00bb de Miguel Pereira, dans le cadre du PEPCC \/ Forum Dan\u00e7a (Lisbonne 2010-2012).<\/p>\n<\/div><\/div>\n","protected":false},"excerpt":{"rendered":"<p>Our Pop Song&nbsp;Will Never Be&nbsp;Popular Illusion d\u2019une imageIllusion du spectacleIllusion de l\u2019originalit\u00e9Illusion de vouloir \u00eatre quelqu\u2019un qu\u2019on ne peut \u00eatreIllusion d\u2019un qui fait deux ou deux qui font unIllusion de la fusionIllusion de r\u00e9gularit\u00e9Illusion d\u2019une machine Illusion de domination Illusion d\u2019une relationIllusion d\u2019un \u00e9changeIllusion d\u2019\u00eatre aim\u00e9Illusion de l\u2019hypnoseIllusion d\u2019un super pouvoir de communication Venez nous<\/p>\n","protected":false},"author":1,"featured_media":780,"parent":0,"menu_order":0,"comment_status":"closed","ping_status":"closed","template":"","meta":[],"yoast_head":"<!-- This site is optimized with the Yoast SEO plugin v21.8.1 - https:\/\/yoast.com\/wordpress\/plugins\/seo\/ -->\n<title>OPSWNBP &#8226; PILOT FISHES<\/title>\n<meta name=\"robots\" content=\"index, follow, max-snippet:-1, max-image-preview:large, max-video-preview:-1\" \/>\n<link rel=\"canonical\" href=\"https:\/\/pilotfishes.com\/fr\/opswnbp\/\" \/>\n<meta property=\"og:locale\" content=\"fr_FR\" \/>\n<meta property=\"og:type\" content=\"article\" \/>\n<meta property=\"og:title\" content=\"OPSWNBP &#8226; PILOT FISHES\" \/>\n<meta property=\"og:description\" content=\"Our Pop Song&nbsp;Will Never Be&nbsp;Popular Illusion d\u2019une imageIllusion du spectacleIllusion de l\u2019originalit\u00e9Illusion de vouloir \u00eatre quelqu\u2019un qu\u2019on ne peut \u00eatreIllusion d\u2019un qui fait deux ou deux qui font unIllusion de la fusionIllusion de r\u00e9gularit\u00e9Illusion d\u2019une machine Illusion de domination Illusion d\u2019une relationIllusion d\u2019un \u00e9changeIllusion d\u2019\u00eatre aim\u00e9Illusion de l\u2019hypnoseIllusion d\u2019un super pouvoir de communication Venez nous\" \/>\n<meta property=\"og:url\" content=\"https:\/\/pilotfishes.com\/fr\/opswnbp\/\" \/>\n<meta property=\"og:site_name\" content=\"PILOT FISHES\" \/>\n<meta property=\"article:publisher\" content=\"https:\/\/www.facebook.com\/Pilot-Fishes-481408215257472\/\" \/>\n<meta property=\"article:modified_time\" content=\"2021-10-07T09:15:30+00:00\" \/>\n<meta property=\"og:image\" content=\"https:\/\/pilotfishes.com\/wp-content\/uploads\/2017\/11\/169-opswnbp-2-scaled.jpg\" \/>\n\t<meta property=\"og:image:width\" content=\"2560\" \/>\n\t<meta property=\"og:image:height\" content=\"1440\" \/>\n\t<meta property=\"og:image:type\" content=\"image\/jpeg\" \/>\n<meta name=\"twitter:card\" content=\"summary_large_image\" \/>\n<meta name=\"twitter:label1\" content=\"Dur\u00e9e de lecture estim\u00e9e\" \/>\n\t<meta name=\"twitter:data1\" content=\"2 minutes\" \/>\n<script type=\"application\/ld+json\" class=\"yoast-schema-graph\">{\"@context\":\"https:\/\/schema.org\",\"@graph\":[{\"@type\":\"WebPage\",\"@id\":\"https:\/\/pilotfishes.com\/fr\/opswnbp\/\",\"url\":\"https:\/\/pilotfishes.com\/fr\/opswnbp\/\",\"name\":\"OPSWNBP &#8226; PILOT FISHES\",\"isPartOf\":{\"@id\":\"https:\/\/pilotfishes.com\/#website\"},\"datePublished\":\"2017-11-11T16:31:31+00:00\",\"dateModified\":\"2021-10-07T09:15:30+00:00\",\"inLanguage\":\"fr-FR\",\"potentialAction\":[{\"@type\":\"ReadAction\",\"target\":[\"https:\/\/pilotfishes.com\/fr\/opswnbp\/\"]}]},{\"@type\":\"WebSite\",\"@id\":\"https:\/\/pilotfishes.com\/#website\",\"url\":\"https:\/\/pilotfishes.com\/\",\"name\":\"PILOT FISHES\",\"description\":\"Dance. Dance. Dance.\",\"potentialAction\":[{\"@type\":\"SearchAction\",\"target\":{\"@type\":\"EntryPoint\",\"urlTemplate\":\"https:\/\/pilotfishes.com\/?s={search_term_string}\"},\"query-input\":\"required name=search_term_string\"}],\"inLanguage\":\"fr-FR\"}]}<\/script>\n<!-- \/ Yoast SEO plugin. -->","yoast_head_json":{"title":"OPSWNBP &#8226; PILOT FISHES","robots":{"index":"index","follow":"follow","max-snippet":"max-snippet:-1","max-image-preview":"max-image-preview:large","max-video-preview":"max-video-preview:-1"},"canonical":"https:\/\/pilotfishes.com\/fr\/opswnbp\/","og_locale":"fr_FR","og_type":"article","og_title":"OPSWNBP &#8226; PILOT FISHES","og_description":"Our Pop Song&nbsp;Will Never Be&nbsp;Popular Illusion d\u2019une imageIllusion du spectacleIllusion de l\u2019originalit\u00e9Illusion de vouloir \u00eatre quelqu\u2019un qu\u2019on ne peut \u00eatreIllusion d\u2019un qui fait deux ou deux qui font unIllusion de la fusionIllusion de r\u00e9gularit\u00e9Illusion d\u2019une machine Illusion de domination Illusion d\u2019une relationIllusion d\u2019un \u00e9changeIllusion d\u2019\u00eatre aim\u00e9Illusion de l\u2019hypnoseIllusion d\u2019un super pouvoir de communication Venez nous","og_url":"https:\/\/pilotfishes.com\/fr\/opswnbp\/","og_site_name":"PILOT FISHES","article_publisher":"https:\/\/www.facebook.com\/Pilot-Fishes-481408215257472\/","article_modified_time":"2021-10-07T09:15:30+00:00","og_image":[{"width":2560,"height":1440,"url":"https:\/\/pilotfishes.com\/wp-content\/uploads\/2017\/11\/169-opswnbp-2-scaled.jpg","type":"image\/jpeg"}],"twitter_card":"summary_large_image","twitter_misc":{"Dur\u00e9e de lecture estim\u00e9e":"2 minutes"},"schema":{"@context":"https:\/\/schema.org","@graph":[{"@type":"WebPage","@id":"https:\/\/pilotfishes.com\/fr\/opswnbp\/","url":"https:\/\/pilotfishes.com\/fr\/opswnbp\/","name":"OPSWNBP &#8226; PILOT FISHES","isPartOf":{"@id":"https:\/\/pilotfishes.com\/#website"},"datePublished":"2017-11-11T16:31:31+00:00","dateModified":"2021-10-07T09:15:30+00:00","inLanguage":"fr-FR","potentialAction":[{"@type":"ReadAction","target":["https:\/\/pilotfishes.com\/fr\/opswnbp\/"]}]},{"@type":"WebSite","@id":"https:\/\/pilotfishes.com\/#website","url":"https:\/\/pilotfishes.com\/","name":"PILOT FISHES","description":"Dance. Dance. Dance.","potentialAction":[{"@type":"SearchAction","target":{"@type":"EntryPoint","urlTemplate":"https:\/\/pilotfishes.com\/?s={search_term_string}"},"query-input":"required name=search_term_string"}],"inLanguage":"fr-FR"}]}},"_links":{"self":[{"href":"https:\/\/pilotfishes.com\/fr\/wp-json\/wp\/v2\/pages\/597"}],"collection":[{"href":"https:\/\/pilotfishes.com\/fr\/wp-json\/wp\/v2\/pages"}],"about":[{"href":"https:\/\/pilotfishes.com\/fr\/wp-json\/wp\/v2\/types\/page"}],"author":[{"embeddable":true,"href":"https:\/\/pilotfishes.com\/fr\/wp-json\/wp\/v2\/users\/1"}],"replies":[{"embeddable":true,"href":"https:\/\/pilotfishes.com\/fr\/wp-json\/wp\/v2\/comments?post=597"}],"version-history":[{"count":6,"href":"https:\/\/pilotfishes.com\/fr\/wp-json\/wp\/v2\/pages\/597\/revisions"}],"predecessor-version":[{"id":781,"href":"https:\/\/pilotfishes.com\/fr\/wp-json\/wp\/v2\/pages\/597\/revisions\/781"}],"wp:featuredmedia":[{"embeddable":true,"href":"https:\/\/pilotfishes.com\/fr\/wp-json\/wp\/v2\/media\/780"}],"wp:attachment":[{"href":"https:\/\/pilotfishes.com\/fr\/wp-json\/wp\/v2\/media?parent=597"}],"curies":[{"name":"wp","href":"https:\/\/api.w.org\/{rel}","templated":true}]}}