{"id":595,"date":"2017-11-11T16:30:54","date_gmt":"2017-11-11T16:30:54","guid":{"rendered":"https:\/\/pilotfishes.com\/?page_id=595"},"modified":"2021-10-07T10:14:23","modified_gmt":"2021-10-07T09:14:23","slug":"tyj","status":"publish","type":"page","link":"https:\/\/pilotfishes.com\/fr\/tyj\/","title":{"rendered":"TYJ"},"content":{"rendered":"<header>\n\n    \n\n<div class=\"wp-block-cover\"><img decoding=\"async\" class=\"wp-block-cover__image-background wp-image-91\" alt=\"\" src=\"https:\/\/pilotfishes.com\/wp-content\/uploads\/2017\/11\/169-tyj.jpg\" data-object-fit=\"cover\"\/><div class=\"wp-block-cover__inner-container\">\n<p class=\"has-text-align-center has-large-font-size\"><\/p>\n<\/div><\/div>\n\n\n\n<\/header>\n\n\n<h1 class=\"wp-block-heading\">TYJ<\/h1>\n\n\n\n<p><em>TYJ<\/em>. Une pi\u00e8ce o\u00f9 trois soli ont lieu, li\u00e9s par la qu\u00eate d\u2019un endroit o\u00f9 prendre position. Un endroit&nbsp;o\u00f9 se tissent le mouvement, la musique et le texte pour donner une forme articul\u00e9e au lyrisme.&nbsp;<\/p>\n\n\n\n<p><em>TYJ<\/em>. Trois protagonistes li\u00e9s par un accord tacite qui cr\u00e9ent un maillage avec lequel ils doivent r\u00e9ciproquement composer. Ensemble, ils jouent une collection de figures en qu\u00eate d\u2019un endroit h\u00e9donique.<\/p>\n\n\n\n<p><em>TYJ<\/em>. Un endroit o\u00f9 m\u00e9taphores et all\u00e9gories sont les figures les plus utilis\u00e9es. Un objet qui propose au spectateur un changement de focus entre un corps mouvant et chantant, et des figures porteuses de sens qui en \u00e9mergent.<\/p>\n\n\n\n<div class=\"wp-block-buttons is-layout-flex\">\n<div class=\"wp-block-button\"><a class=\"wp-block-button__link\" href=\"https:\/\/pilotfishes.com\/tyj\/lyrics-texts\/\">Lyrics &amp; text for TYJ<\/a><\/div>\n<\/div>\n\n\n\n<div class=\"wp-block-media-text alignwide has-media-on-the-right is-stacked-on-mobile has-ghost-white-background-color has-background\"><figure class=\"wp-block-media-text__media\"><img decoding=\"async\" loading=\"lazy\" width=\"1024\" height=\"1024\" src=\"https:\/\/pilotfishes.com\/wp-content\/uploads\/2019\/01\/TYJ19-lisegaudaire-2-1024x1024.jpg\" alt=\"\" class=\"wp-image-356 size-full\" srcset=\"https:\/\/pilotfishes.com\/wp-content\/uploads\/2019\/01\/TYJ19-lisegaudaire-2-1024x1024.jpg 1024w, https:\/\/pilotfishes.com\/wp-content\/uploads\/2019\/01\/TYJ19-lisegaudaire-2-300x300.jpg 300w, https:\/\/pilotfishes.com\/wp-content\/uploads\/2019\/01\/TYJ19-lisegaudaire-2-150x150.jpg 150w, https:\/\/pilotfishes.com\/wp-content\/uploads\/2019\/01\/TYJ19-lisegaudaire-2-768x768.jpg 768w, https:\/\/pilotfishes.com\/wp-content\/uploads\/2019\/01\/TYJ19-lisegaudaire-2-1536x1536.jpg 1536w, https:\/\/pilotfishes.com\/wp-content\/uploads\/2019\/01\/TYJ19-lisegaudaire-2-2048x2048.jpg 2048w, https:\/\/pilotfishes.com\/wp-content\/uploads\/2019\/01\/TYJ19-lisegaudaire-2-640x640.jpg 640w, https:\/\/pilotfishes.com\/wp-content\/uploads\/2019\/01\/TYJ19-lisegaudaire-2-960x960.jpg 960w\" sizes=\"(max-width: 1024px) 100vw, 1024px\" \/><\/figure><div class=\"wp-block-media-text__content\">\n<div class=\"wp-block-group credits is-layout-flow\"><div class=\"wp-block-group__inner-container\">\n<p><strong><em>CONCEPTION<\/em><\/strong>&nbsp;Alina Bilokon | L\u00e9a Rault<br><strong><em>INTERPRETATION<\/em><\/strong>&nbsp;Alina Bilokon | L\u00e9a Rault | J\u00e9r\u00e9my Rouault<br><strong><em>LYRICS &amp; MUSIC<\/em><\/strong>&nbsp;Alina Bilokon | L\u00e9a Rault | J\u00e9r\u00e9my Rouault<br>(except:&nbsp;<em>Syncopation<\/em>&nbsp;by Tom Dissevelt and Kid Baltan &amp;&nbsp;<em>Penth\u00e9silee<\/em>&nbsp;of Heinrich Von Kleist)<br><strong><em>LIGHT DESIGN<\/em><\/strong>&nbsp;Thibaut Galmiche<br><strong><em>SOUND<\/em><\/strong>&nbsp;Cl\u00e9ment Lemennicier<br><strong><em>COSTUMES<\/em><\/strong>&nbsp;<a href=\"http:\/\/www.underthebridge-creation.com\/\">Anna le Reun \/ Under the bridge<\/a><br><strong><em>OBJECTS DESIGN<\/em><\/strong>&nbsp;<a href=\"http:\/\/www.lucieleguen.com\/\">Lucie Le Guen<\/a><br><strong><em>ARTISTIC COLLABORATION<\/em><\/strong>&nbsp;Arnaud Stephan | Radouan Mriziga<br><strong><em>PHOTOGRAPHY<\/em><\/strong>&nbsp;<a href=\"https:\/\/www.lisegaudaire.com\/\">Lise Gaudaire<\/a><\/p>\n\n\n\n<p><strong><em>PRODUCTION<\/em><\/strong>&nbsp;PILOT FISHES<br><strong><em>CO-PRODUCTION<\/em><\/strong>&nbsp;Th\u00e9\u00e2tre de la Ville \u2013 Paris | La Passerelle \u2013 Sc\u00e8ne Nationale de Saint Brieuc | Mus\u00e9e de la Danse \u2013 Centre Chor\u00e9graphique National de Rennes et de Bretagne | Le Triangle, Cit\u00e9 de la Danse \u2013 Rennes | Danse \u00e0 tous les \u00e9tages \u2013 Rennes | Itin\u00e9raire Bis, Association de D\u00e9veloppement Culturel et Artistique des C\u00f4tes d\u2019Armor<\/p>\n\n\n\n<p><strong><em>SUPPORT<\/em><\/strong>&nbsp;Minist\u00e8re de la Culture et de la Communication \/ DRAC Bretagne au titre de l\u2019aide \u00e0 la cr\u00e9ation | La R\u00e9gion Bretagne | Conseil G\u00e9neral des C\u00f4otes d\u2019Armor | Teatro Municipal do Porto \u2013 Rivoli . Campo Alegre (PT) | La M\u00e9tive \u2013 Lieu de R\u00e9sidence de Cr\u00e9ation Pluridisciplinaire en Creuse | O Espaco do Tempo \u2013 Montemor o Novo (PT) | Collectif Danse Rennes M\u00e9tropole | WP Zimmer \u2013 Antwerp (BE) | gouvernement \u2013 Gent (BE)<\/p>\n<\/div><\/div>\n<\/div><\/div>\n\n\n\n<div class=\"wp-block-group has-sparkles-background-color has-background is-layout-flow\"><div class=\"wp-block-group__inner-container\">\n<p>Cette oeuvre a \u00e9t\u00e9 prim\u00e9e le 15 juin 2014 au concours Danse \u00e9largie organis\u00e9 par le Th\u00e9\u00e2tre de la Ville \u2013 Paris et le Mus\u00e9e de la danse \u2013 Rennes.<\/p>\n<\/div><\/div>\n","protected":false},"excerpt":{"rendered":"<p>TYJ TYJ. Une pi\u00e8ce o\u00f9 trois soli ont lieu, li\u00e9s par la qu\u00eate d\u2019un endroit o\u00f9 prendre position. Un endroit&nbsp;o\u00f9 se tissent le mouvement, la musique et le texte pour donner une forme articul\u00e9e au lyrisme.&nbsp; TYJ. Trois protagonistes li\u00e9s par un accord tacite qui cr\u00e9ent un maillage avec lequel ils doivent r\u00e9ciproquement composer. Ensemble,<\/p>\n","protected":false},"author":1,"featured_media":776,"parent":0,"menu_order":0,"comment_status":"closed","ping_status":"closed","template":"","meta":[],"yoast_head":"<!-- This site is optimized with the Yoast SEO plugin v21.8.1 - https:\/\/yoast.com\/wordpress\/plugins\/seo\/ -->\n<title>TYJ &#8226; PILOT FISHES<\/title>\n<meta name=\"robots\" content=\"index, follow, max-snippet:-1, max-image-preview:large, max-video-preview:-1\" \/>\n<link rel=\"canonical\" href=\"https:\/\/pilotfishes.com\/fr\/tyj\/\" \/>\n<meta property=\"og:locale\" content=\"fr_FR\" \/>\n<meta property=\"og:type\" content=\"article\" \/>\n<meta property=\"og:title\" content=\"TYJ &#8226; PILOT FISHES\" \/>\n<meta property=\"og:description\" content=\"TYJ TYJ. Une pi\u00e8ce o\u00f9 trois soli ont lieu, li\u00e9s par la qu\u00eate d\u2019un endroit o\u00f9 prendre position. Un endroit&nbsp;o\u00f9 se tissent le mouvement, la musique et le texte pour donner une forme articul\u00e9e au lyrisme.&nbsp; TYJ. Trois protagonistes li\u00e9s par un accord tacite qui cr\u00e9ent un maillage avec lequel ils doivent r\u00e9ciproquement composer. Ensemble,\" \/>\n<meta property=\"og:url\" content=\"https:\/\/pilotfishes.com\/fr\/tyj\/\" \/>\n<meta property=\"og:site_name\" content=\"PILOT FISHES\" \/>\n<meta property=\"article:publisher\" content=\"https:\/\/www.facebook.com\/Pilot-Fishes-481408215257472\/\" \/>\n<meta property=\"article:modified_time\" content=\"2021-10-07T09:14:23+00:00\" \/>\n<meta property=\"og:image\" content=\"https:\/\/pilotfishes.com\/wp-content\/uploads\/2017\/11\/169-tyj-2-scaled.jpg\" \/>\n\t<meta property=\"og:image:width\" content=\"2560\" \/>\n\t<meta property=\"og:image:height\" content=\"1440\" \/>\n\t<meta property=\"og:image:type\" content=\"image\/jpeg\" \/>\n<meta name=\"twitter:card\" content=\"summary_large_image\" \/>\n<meta name=\"twitter:label1\" content=\"Dur\u00e9e de lecture estim\u00e9e\" \/>\n\t<meta name=\"twitter:data1\" content=\"2 minutes\" \/>\n<script type=\"application\/ld+json\" class=\"yoast-schema-graph\">{\"@context\":\"https:\/\/schema.org\",\"@graph\":[{\"@type\":\"WebPage\",\"@id\":\"https:\/\/pilotfishes.com\/fr\/tyj\/\",\"url\":\"https:\/\/pilotfishes.com\/fr\/tyj\/\",\"name\":\"TYJ &#8226; PILOT FISHES\",\"isPartOf\":{\"@id\":\"https:\/\/pilotfishes.com\/#website\"},\"datePublished\":\"2017-11-11T16:30:54+00:00\",\"dateModified\":\"2021-10-07T09:14:23+00:00\",\"inLanguage\":\"fr-FR\",\"potentialAction\":[{\"@type\":\"ReadAction\",\"target\":[\"https:\/\/pilotfishes.com\/fr\/tyj\/\"]}]},{\"@type\":\"WebSite\",\"@id\":\"https:\/\/pilotfishes.com\/#website\",\"url\":\"https:\/\/pilotfishes.com\/\",\"name\":\"PILOT FISHES\",\"description\":\"Dance. Dance. Dance.\",\"potentialAction\":[{\"@type\":\"SearchAction\",\"target\":{\"@type\":\"EntryPoint\",\"urlTemplate\":\"https:\/\/pilotfishes.com\/?s={search_term_string}\"},\"query-input\":\"required name=search_term_string\"}],\"inLanguage\":\"fr-FR\"}]}<\/script>\n<!-- \/ Yoast SEO plugin. -->","yoast_head_json":{"title":"TYJ &#8226; PILOT FISHES","robots":{"index":"index","follow":"follow","max-snippet":"max-snippet:-1","max-image-preview":"max-image-preview:large","max-video-preview":"max-video-preview:-1"},"canonical":"https:\/\/pilotfishes.com\/fr\/tyj\/","og_locale":"fr_FR","og_type":"article","og_title":"TYJ &#8226; PILOT FISHES","og_description":"TYJ TYJ. Une pi\u00e8ce o\u00f9 trois soli ont lieu, li\u00e9s par la qu\u00eate d\u2019un endroit o\u00f9 prendre position. Un endroit&nbsp;o\u00f9 se tissent le mouvement, la musique et le texte pour donner une forme articul\u00e9e au lyrisme.&nbsp; TYJ. Trois protagonistes li\u00e9s par un accord tacite qui cr\u00e9ent un maillage avec lequel ils doivent r\u00e9ciproquement composer. Ensemble,","og_url":"https:\/\/pilotfishes.com\/fr\/tyj\/","og_site_name":"PILOT FISHES","article_publisher":"https:\/\/www.facebook.com\/Pilot-Fishes-481408215257472\/","article_modified_time":"2021-10-07T09:14:23+00:00","og_image":[{"width":2560,"height":1440,"url":"https:\/\/pilotfishes.com\/wp-content\/uploads\/2017\/11\/169-tyj-2-scaled.jpg","type":"image\/jpeg"}],"twitter_card":"summary_large_image","twitter_misc":{"Dur\u00e9e de lecture estim\u00e9e":"2 minutes"},"schema":{"@context":"https:\/\/schema.org","@graph":[{"@type":"WebPage","@id":"https:\/\/pilotfishes.com\/fr\/tyj\/","url":"https:\/\/pilotfishes.com\/fr\/tyj\/","name":"TYJ &#8226; PILOT FISHES","isPartOf":{"@id":"https:\/\/pilotfishes.com\/#website"},"datePublished":"2017-11-11T16:30:54+00:00","dateModified":"2021-10-07T09:14:23+00:00","inLanguage":"fr-FR","potentialAction":[{"@type":"ReadAction","target":["https:\/\/pilotfishes.com\/fr\/tyj\/"]}]},{"@type":"WebSite","@id":"https:\/\/pilotfishes.com\/#website","url":"https:\/\/pilotfishes.com\/","name":"PILOT FISHES","description":"Dance. Dance. Dance.","potentialAction":[{"@type":"SearchAction","target":{"@type":"EntryPoint","urlTemplate":"https:\/\/pilotfishes.com\/?s={search_term_string}"},"query-input":"required name=search_term_string"}],"inLanguage":"fr-FR"}]}},"_links":{"self":[{"href":"https:\/\/pilotfishes.com\/fr\/wp-json\/wp\/v2\/pages\/595"}],"collection":[{"href":"https:\/\/pilotfishes.com\/fr\/wp-json\/wp\/v2\/pages"}],"about":[{"href":"https:\/\/pilotfishes.com\/fr\/wp-json\/wp\/v2\/types\/page"}],"author":[{"embeddable":true,"href":"https:\/\/pilotfishes.com\/fr\/wp-json\/wp\/v2\/users\/1"}],"replies":[{"embeddable":true,"href":"https:\/\/pilotfishes.com\/fr\/wp-json\/wp\/v2\/comments?post=595"}],"version-history":[{"count":8,"href":"https:\/\/pilotfishes.com\/fr\/wp-json\/wp\/v2\/pages\/595\/revisions"}],"predecessor-version":[{"id":777,"href":"https:\/\/pilotfishes.com\/fr\/wp-json\/wp\/v2\/pages\/595\/revisions\/777"}],"wp:featuredmedia":[{"embeddable":true,"href":"https:\/\/pilotfishes.com\/fr\/wp-json\/wp\/v2\/media\/776"}],"wp:attachment":[{"href":"https:\/\/pilotfishes.com\/fr\/wp-json\/wp\/v2\/media?parent=595"}],"curies":[{"name":"wp","href":"https:\/\/api.w.org\/{rel}","templated":true}]}}