{"id":593,"date":"2017-11-11T16:30:33","date_gmt":"2017-11-11T16:30:33","guid":{"rendered":"https:\/\/pilotfishes.com\/?page_id=593"},"modified":"2021-10-07T10:13:09","modified_gmt":"2021-10-07T09:13:09","slug":"solos","status":"publish","type":"page","link":"https:\/\/pilotfishes.com\/fr\/solos\/","title":{"rendered":"solos: almanac &#038; C&rsquo;est confidentiel."},"content":{"rendered":"<header>\n\n    \n\n<div class=\"wp-block-cover\"><img decoding=\"async\" class=\"wp-block-cover__image-background wp-image-55\" alt=\"\" src=\"https:\/\/pilotfishes.com\/wp-content\/uploads\/2017\/11\/169-solos.jpg\" data-object-fit=\"cover\"\/><div class=\"wp-block-cover__inner-container\">\n<p class=\"has-text-align-center has-large-font-size\"><\/p>\n<\/div><\/div>\n\n\n\n<\/header>\n\n\n<h1 class=\"wp-block-heading\">solos: almanac &amp; C\u2019est confidentiel.<\/h1>\n\n\n\n<p><em>solos: almanac &amp; C\u2019est confidentiel.<\/em>&nbsp;sont deux solos issus de deux recherches parall\u00e8les en terme de th\u00e9matiques, de lexiques et de formes.&nbsp;<\/p>\n\n\n\n<p>Chacune a exerc\u00e9 un r\u00f4le de suivi et de catalyseur dans le processus de cr\u00e9ation de l\u2019autre, sans participer \u00e0 l\u2019objet final. Ce pilotage particulier a permis la cr\u00e9ation de nouveaux \u00e9l\u00e9ments pour leur dispositif collaboratif, et conditionnera leurs futures cr\u00e9ations communes tout en conservant la diversit\u00e9 de leurs int\u00e9r\u00eats et m\u00e9thodologies propres.<\/p>\n\n\n\n<p>Leur attirance commune pour les m\u00e9taphores et les all\u00e9gories, la fiction et le phras\u00e9 lyrique sous-tend une r\u00e9alit\u00e9 augment\u00e9e, d\u00e9nominateur commun de ce projet bifilaire.<\/p>\n\n\n\n<div class=\"wp-block-media-text alignwide has-media-on-the-right is-stacked-on-mobile has-eggshell-background-color has-background\"><figure class=\"wp-block-media-text__media\"><img decoding=\"async\" loading=\"lazy\" width=\"1024\" height=\"683\" src=\"https:\/\/pilotfishes.com\/wp-content\/uploads\/2019\/01\/Alina-212-2-1024x683.jpg\" alt=\"\" class=\"wp-image-350 size-full\" srcset=\"https:\/\/pilotfishes.com\/wp-content\/uploads\/2019\/01\/Alina-212-2-1024x683.jpg 1024w, https:\/\/pilotfishes.com\/wp-content\/uploads\/2019\/01\/Alina-212-2-300x200.jpg 300w, https:\/\/pilotfishes.com\/wp-content\/uploads\/2019\/01\/Alina-212-2-768x512.jpg 768w, https:\/\/pilotfishes.com\/wp-content\/uploads\/2019\/01\/Alina-212-2-1536x1024.jpg 1536w, https:\/\/pilotfishes.com\/wp-content\/uploads\/2019\/01\/Alina-212-2-2048x1366.jpg 2048w\" sizes=\"(max-width: 1024px) 100vw, 1024px\" \/><\/figure><div class=\"wp-block-media-text__content\">\n<div class=\"wp-block-group is-layout-flow\"><div class=\"wp-block-group__inner-container\">\n<h2 class=\"wp-block-heading\">almanac<\/h2>\n\n\n\n<p>by Alina Bilokon<\/p>\n\n\n\n<p>pensez&nbsp;au c\u00e9r\u00e9monial des ph\u00e9nom\u00e8nes naturels \u00e0 chaque changement de saison. \u00e0 chaque passage du jour \u00e0 la nuit. \u00e0 chaque lever de lune\u2026 m\u00eame le cynique s\u2019apaise, regarde l\u2019obscurit\u00e9 tomber ou un feu br\u00fbler, et pense \u00e0 dieu sait quoi.<\/p>\n\n\n\n<p>contemplez mon corps jouer avec cette solennit\u00e9 dans cet espace artificiel.<\/p>\n\n\n\n<p>\u00e9coutez mes chansons informatives et mes contes d\u2019enfants \u00e0 propos du fonctionnement des choses, des croyances sur\u00e9elles et des superstitions.<\/p>\n\n\n\n<p>regardez tous ces \u00e9l\u00e9ments s\u2019allier dans cette mati\u00e8re performative obscure.<\/p>\n\n\n\n<div class=\"wp-block-group credits is-layout-flow\"><div class=\"wp-block-group__inner-container\">\n<p><strong><em>CREATION &amp; INTERPRETATION &amp; TEXTS &amp; MUSIC<\/em><\/strong>&nbsp;Alina Bilokon<br><strong><em>LIGHTING SCENOGRAPHY &amp; ELECTRONIC SYSTEM<\/em><\/strong>&nbsp;<a href=\"http:\/\/www.lucieleguen.com\/\">Lucie Le Guen<\/a><br><strong><em>LIGHTING EFFECT PROGRAMMING<\/em><\/strong>&nbsp;Arthur Masson<br><strong><em>MUSICAL ADVICE<\/em><\/strong>&nbsp;J\u00e9r\u00e9my Rouault<\/p>\n<\/div><\/div>\n\n\n\n<p class=\"has-small-font-size\">photography: Konstantin Lipatov<\/p>\n<\/div><\/div>\n<\/div><\/div>\n\n\n\n<div class=\"wp-block-media-text alignwide is-stacked-on-mobile has-ghost-white-background-color has-background\"><figure class=\"wp-block-media-text__media\"><img decoding=\"async\" loading=\"lazy\" width=\"1024\" height=\"1024\" src=\"https:\/\/pilotfishes.com\/wp-content\/uploads\/2019\/01\/CC_by-Konstantin-Lipatov_12-2-1024x1024.jpg\" alt=\"\" class=\"wp-image-352 size-full\" srcset=\"https:\/\/pilotfishes.com\/wp-content\/uploads\/2019\/01\/CC_by-Konstantin-Lipatov_12-2-1024x1024.jpg 1024w, https:\/\/pilotfishes.com\/wp-content\/uploads\/2019\/01\/CC_by-Konstantin-Lipatov_12-2-300x300.jpg 300w, https:\/\/pilotfishes.com\/wp-content\/uploads\/2019\/01\/CC_by-Konstantin-Lipatov_12-2-150x150.jpg 150w, https:\/\/pilotfishes.com\/wp-content\/uploads\/2019\/01\/CC_by-Konstantin-Lipatov_12-2-768x768.jpg 768w, https:\/\/pilotfishes.com\/wp-content\/uploads\/2019\/01\/CC_by-Konstantin-Lipatov_12-2-1536x1536.jpg 1536w, https:\/\/pilotfishes.com\/wp-content\/uploads\/2019\/01\/CC_by-Konstantin-Lipatov_12-2-2048x2048.jpg 2048w, https:\/\/pilotfishes.com\/wp-content\/uploads\/2019\/01\/CC_by-Konstantin-Lipatov_12-2-640x640.jpg 640w, https:\/\/pilotfishes.com\/wp-content\/uploads\/2019\/01\/CC_by-Konstantin-Lipatov_12-2-960x960.jpg 960w\" sizes=\"(max-width: 1024px) 100vw, 1024px\" \/><\/figure><div class=\"wp-block-media-text__content\">\n<div class=\"wp-block-group is-layout-flow\"><div class=\"wp-block-group__inner-container\">\n<h2 class=\"wp-block-heading\">C\u2019est confidentiel.<\/h2>\n\n\n\n<p>by L\u00e9a Rault<\/p>\n\n\n\n<p>En chemin, je compile des faits et gestes de r\u00e9sistances et de luttes \u00e9tranges. Ils sont issus de provenance de tous bords.&nbsp;<br>Je les passe en revue, je&nbsp;les organise,&nbsp;je les assemble. C\u2019est une collection priv\u00e9e.&nbsp;<\/p>\n\n\n\n<p>Ici, ce qui importe, c\u2019est la tentative incessante. Puisque de toute fa\u00e7on, le r\u00e9sultat nous laisse sceptique, on joue.<br>L\u2019id\u00e9e, c\u2019est de ne jamais se faire attraper&nbsp;et de r\u00e9cup\u00e9rer&nbsp;du temps pour soi.<\/p>\n\n\n\n<p><em>C\u2019est confidentiel.<\/em>&nbsp;est une danse du&nbsp;faire avec ce qu\u2019il y a autour de soi,&nbsp;au pr\u00e9sent.<br>Elle est insaisissable, multiple et contradictoire. A la fois concr\u00e8te et d\u00e9mesur\u00e9e, elle est ancr\u00e9e dans le sol et la t\u00eate dans les \u00e9toiles.<br>Elle est changeante et revient p\u00e9riodiquement au point d\u2019o\u00f9 elle \u00e9tait partie, comme une r\u00e9volution.<\/p>\n\n\n\n<p>Un cycle.<br>Une pratique.<\/p>\n\n\n\n<div class=\"wp-block-group credits is-layout-flow\"><div class=\"wp-block-group__inner-container\">\n<p><strong><em>CREATION &amp; INTERPRETATION &amp; TEXTS<\/em><\/strong>&nbsp;L\u00e9a Rault<br><strong><em>MUSIC<\/em><\/strong>&nbsp;L\u00e9a Rault | J\u00e9r\u00e9my Rouault<br><strong><em>LIGHT<\/em><\/strong>&nbsp;Thibaut Galmiche<br><strong><em>ADDITIONAL MUSIC<\/em><\/strong>&nbsp;Federico Climovitch<br><strong><em>SUPPORT<\/em><\/strong>&nbsp;Honolulu \u2013 Nantes, R\u00e9servoir Danse \u2013 Rennes, La Grande Boutique \u00e0 Langonnet et Paola Stella Minni pour la reprise.<\/p>\n<\/div><\/div>\n<\/div><\/div>\n<\/div><\/div>\n\n\n\n<div class=\"wp-block-group has-white-background-color has-background is-layout-flow\"><div class=\"wp-block-group__inner-container\">\n<h2 class=\"wp-block-heading\">for two solos<\/h2>\n\n\n\n<div class=\"wp-block-columns is-layout-flex wp-container-9\">\n<div class=\"wp-block-column is-layout-flow\">\n<div class=\"wp-block-group credits is-layout-flow\"><div class=\"wp-block-group__inner-container\">\n<p><strong><em>ARTISTIC ADVICE<\/em><\/strong>&nbsp;Radouan Mriziga<br><strong><em>SOUND<\/em><\/strong>&nbsp;J\u00e9r\u00e9my Rouault<br><strong><em>COSTUMES<\/em><\/strong>&nbsp;<a href=\"http:\/\/www.underthebridge-creation.com\/\">Anna le Reun \/ Under the bridge<\/a><br><strong><em>PHOTOGRAPHY<\/em><\/strong>&nbsp;Lise Gaudaire<br><strong><em>GRAPHICS<\/em><\/strong>&nbsp;<a href=\"https:\/\/kristoffbertram.be\/\">Kristoff Bertram<\/a><\/p>\n<\/div><\/div>\n<\/div>\n\n\n\n<div class=\"wp-block-column is-layout-flow\">\n<div class=\"wp-block-group credits is-layout-flow\"><div class=\"wp-block-group__inner-container\">\n<p><strong><em>PRODUCTION<\/em><\/strong>&nbsp;PILOT FISHES<\/p>\n\n\n\n<p><strong><em>COPRODUCTION<\/em><\/strong>&nbsp;Le Triangle, Cit\u00e9 de la danse | Sc\u00e8nes du Golfe, Th\u00e9\u00e2tres Vannes \u2013 Arradon.<\/p>\n\n\n\n<p><strong><em>RESIDENCY<\/em><\/strong>&nbsp; S\u00e9oul Dance Center \/ Fondation pour l\u2019Art et la Culture \u00e0 S\u00e9oul.<br><strong><em>SUPPORT<\/em><\/strong>&nbsp;L\u2019\u00e9changeur \u2013 CDC Hauts de France | Accueil dans le cadre d\u2019une r\u00e9sidence-laboratoire au Vivat \u2013 Sc\u00e8ne conventionn\u00e9e d\u2019Armenti\u00e8res | Direction R\u00e9gionale des Affaires Culturelles au titre de l\u2019aide au projet | R\u00e9gion Bretagne | D\u00e9partement des C\u00f4tes d\u2019Armor | Caisse des D\u00e9p\u00f4ts.<br><strong><em>STUDIOS<\/em><\/strong>&nbsp;Mus\u00e9e de la Danse&nbsp;|&nbsp;R\u00e9servoir Danse.<\/p>\n<\/div><\/div>\n<\/div>\n<\/div>\n<\/div><\/div>\n","protected":false},"excerpt":{"rendered":"<p>solos: almanac &amp; C\u2019est confidentiel. solos: almanac &amp; C\u2019est confidentiel.&nbsp;sont deux solos issus de deux recherches parall\u00e8les en terme de th\u00e9matiques, de lexiques et de formes.&nbsp; Chacune a exerc\u00e9 un r\u00f4le de suivi et de catalyseur dans le processus de cr\u00e9ation de l\u2019autre, sans participer \u00e0 l\u2019objet final. Ce pilotage particulier a permis la cr\u00e9ation<\/p>\n","protected":false},"author":1,"featured_media":772,"parent":0,"menu_order":0,"comment_status":"closed","ping_status":"closed","template":"","meta":[],"yoast_head":"<!-- This site is optimized with the Yoast SEO plugin v21.8.1 - https:\/\/yoast.com\/wordpress\/plugins\/seo\/ -->\n<title>solos: almanac &amp; C&#039;est confidentiel. &#8226; PILOT FISHES<\/title>\n<meta name=\"robots\" content=\"index, follow, max-snippet:-1, max-image-preview:large, max-video-preview:-1\" \/>\n<link rel=\"canonical\" href=\"https:\/\/pilotfishes.com\/fr\/solos\/\" \/>\n<meta property=\"og:locale\" content=\"fr_FR\" \/>\n<meta property=\"og:type\" content=\"article\" \/>\n<meta property=\"og:title\" content=\"solos: almanac &amp; C&#039;est confidentiel. &#8226; PILOT FISHES\" \/>\n<meta property=\"og:description\" content=\"solos: almanac &amp; C\u2019est confidentiel. solos: almanac &amp; C\u2019est confidentiel.&nbsp;sont deux solos issus de deux recherches parall\u00e8les en terme de th\u00e9matiques, de lexiques et de formes.&nbsp; Chacune a exerc\u00e9 un r\u00f4le de suivi et de catalyseur dans le processus de cr\u00e9ation de l\u2019autre, sans participer \u00e0 l\u2019objet final. Ce pilotage particulier a permis la cr\u00e9ation\" \/>\n<meta property=\"og:url\" content=\"https:\/\/pilotfishes.com\/fr\/solos\/\" \/>\n<meta property=\"og:site_name\" content=\"PILOT FISHES\" \/>\n<meta property=\"article:publisher\" content=\"https:\/\/www.facebook.com\/Pilot-Fishes-481408215257472\/\" \/>\n<meta property=\"article:modified_time\" content=\"2021-10-07T09:13:09+00:00\" \/>\n<meta property=\"og:image\" content=\"https:\/\/pilotfishes.com\/wp-content\/uploads\/2017\/11\/169-solos-scaled.jpg\" \/>\n\t<meta property=\"og:image:width\" content=\"2560\" \/>\n\t<meta property=\"og:image:height\" content=\"1440\" \/>\n\t<meta property=\"og:image:type\" content=\"image\/jpeg\" \/>\n<meta name=\"twitter:card\" content=\"summary_large_image\" \/>\n<meta name=\"twitter:label1\" content=\"Dur\u00e9e de lecture estim\u00e9e\" \/>\n\t<meta name=\"twitter:data1\" content=\"3 minutes\" \/>\n<script type=\"application\/ld+json\" class=\"yoast-schema-graph\">{\"@context\":\"https:\/\/schema.org\",\"@graph\":[{\"@type\":\"WebPage\",\"@id\":\"https:\/\/pilotfishes.com\/fr\/solos\/\",\"url\":\"https:\/\/pilotfishes.com\/fr\/solos\/\",\"name\":\"solos: almanac & C'est confidentiel. &#8226; PILOT FISHES\",\"isPartOf\":{\"@id\":\"https:\/\/pilotfishes.com\/#website\"},\"datePublished\":\"2017-11-11T16:30:33+00:00\",\"dateModified\":\"2021-10-07T09:13:09+00:00\",\"inLanguage\":\"fr-FR\",\"potentialAction\":[{\"@type\":\"ReadAction\",\"target\":[\"https:\/\/pilotfishes.com\/fr\/solos\/\"]}]},{\"@type\":\"WebSite\",\"@id\":\"https:\/\/pilotfishes.com\/#website\",\"url\":\"https:\/\/pilotfishes.com\/\",\"name\":\"PILOT FISHES\",\"description\":\"Dance. Dance. Dance.\",\"potentialAction\":[{\"@type\":\"SearchAction\",\"target\":{\"@type\":\"EntryPoint\",\"urlTemplate\":\"https:\/\/pilotfishes.com\/?s={search_term_string}\"},\"query-input\":\"required name=search_term_string\"}],\"inLanguage\":\"fr-FR\"}]}<\/script>\n<!-- \/ Yoast SEO plugin. -->","yoast_head_json":{"title":"solos: almanac & C'est confidentiel. &#8226; PILOT FISHES","robots":{"index":"index","follow":"follow","max-snippet":"max-snippet:-1","max-image-preview":"max-image-preview:large","max-video-preview":"max-video-preview:-1"},"canonical":"https:\/\/pilotfishes.com\/fr\/solos\/","og_locale":"fr_FR","og_type":"article","og_title":"solos: almanac & C'est confidentiel. &#8226; PILOT FISHES","og_description":"solos: almanac &amp; C\u2019est confidentiel. solos: almanac &amp; C\u2019est confidentiel.&nbsp;sont deux solos issus de deux recherches parall\u00e8les en terme de th\u00e9matiques, de lexiques et de formes.&nbsp; Chacune a exerc\u00e9 un r\u00f4le de suivi et de catalyseur dans le processus de cr\u00e9ation de l\u2019autre, sans participer \u00e0 l\u2019objet final. Ce pilotage particulier a permis la cr\u00e9ation","og_url":"https:\/\/pilotfishes.com\/fr\/solos\/","og_site_name":"PILOT FISHES","article_publisher":"https:\/\/www.facebook.com\/Pilot-Fishes-481408215257472\/","article_modified_time":"2021-10-07T09:13:09+00:00","og_image":[{"width":2560,"height":1440,"url":"https:\/\/pilotfishes.com\/wp-content\/uploads\/2017\/11\/169-solos-scaled.jpg","type":"image\/jpeg"}],"twitter_card":"summary_large_image","twitter_misc":{"Dur\u00e9e de lecture estim\u00e9e":"3 minutes"},"schema":{"@context":"https:\/\/schema.org","@graph":[{"@type":"WebPage","@id":"https:\/\/pilotfishes.com\/fr\/solos\/","url":"https:\/\/pilotfishes.com\/fr\/solos\/","name":"solos: almanac & C'est confidentiel. &#8226; PILOT FISHES","isPartOf":{"@id":"https:\/\/pilotfishes.com\/#website"},"datePublished":"2017-11-11T16:30:33+00:00","dateModified":"2021-10-07T09:13:09+00:00","inLanguage":"fr-FR","potentialAction":[{"@type":"ReadAction","target":["https:\/\/pilotfishes.com\/fr\/solos\/"]}]},{"@type":"WebSite","@id":"https:\/\/pilotfishes.com\/#website","url":"https:\/\/pilotfishes.com\/","name":"PILOT FISHES","description":"Dance. Dance. Dance.","potentialAction":[{"@type":"SearchAction","target":{"@type":"EntryPoint","urlTemplate":"https:\/\/pilotfishes.com\/?s={search_term_string}"},"query-input":"required name=search_term_string"}],"inLanguage":"fr-FR"}]}},"_links":{"self":[{"href":"https:\/\/pilotfishes.com\/fr\/wp-json\/wp\/v2\/pages\/593"}],"collection":[{"href":"https:\/\/pilotfishes.com\/fr\/wp-json\/wp\/v2\/pages"}],"about":[{"href":"https:\/\/pilotfishes.com\/fr\/wp-json\/wp\/v2\/types\/page"}],"author":[{"embeddable":true,"href":"https:\/\/pilotfishes.com\/fr\/wp-json\/wp\/v2\/users\/1"}],"replies":[{"embeddable":true,"href":"https:\/\/pilotfishes.com\/fr\/wp-json\/wp\/v2\/comments?post=593"}],"version-history":[{"count":6,"href":"https:\/\/pilotfishes.com\/fr\/wp-json\/wp\/v2\/pages\/593\/revisions"}],"predecessor-version":[{"id":773,"href":"https:\/\/pilotfishes.com\/fr\/wp-json\/wp\/v2\/pages\/593\/revisions\/773"}],"wp:featuredmedia":[{"embeddable":true,"href":"https:\/\/pilotfishes.com\/fr\/wp-json\/wp\/v2\/media\/772"}],"wp:attachment":[{"href":"https:\/\/pilotfishes.com\/fr\/wp-json\/wp\/v2\/media?parent=593"}],"curies":[{"name":"wp","href":"https:\/\/api.w.org\/{rel}","templated":true}]}}