{"id":591,"date":"2019-01-04T18:16:34","date_gmt":"2019-01-04T18:16:34","guid":{"rendered":"https:\/\/pilotfishes.com\/?page_id=591"},"modified":"2021-10-07T10:09:58","modified_gmt":"2021-10-07T09:09:58","slug":"crlt","status":"publish","type":"page","link":"https:\/\/pilotfishes.com\/fr\/crlt\/","title":{"rendered":"CRLT"},"content":{"rendered":"<header>\n\n    \n\n<div class=\"wp-block-cover\"><img decoding=\"async\" loading=\"lazy\" width=\"2200\" height=\"1284\" class=\"wp-block-cover__image-background wp-image-386\" alt=\"\" src=\"https:\/\/pilotfishes.com\/wp-content\/uploads\/2019\/01\/visuel-crlt-agitato.jpg\" data-object-fit=\"cover\" srcset=\"https:\/\/pilotfishes.com\/wp-content\/uploads\/2019\/01\/visuel-crlt-agitato.jpg 2200w, https:\/\/pilotfishes.com\/wp-content\/uploads\/2019\/01\/visuel-crlt-agitato-300x175.jpg 300w, https:\/\/pilotfishes.com\/wp-content\/uploads\/2019\/01\/visuel-crlt-agitato-1024x598.jpg 1024w, https:\/\/pilotfishes.com\/wp-content\/uploads\/2019\/01\/visuel-crlt-agitato-768x448.jpg 768w, https:\/\/pilotfishes.com\/wp-content\/uploads\/2019\/01\/visuel-crlt-agitato-1536x896.jpg 1536w, https:\/\/pilotfishes.com\/wp-content\/uploads\/2019\/01\/visuel-crlt-agitato-2048x1195.jpg 2048w\" sizes=\"(max-width: 2200px) 100vw, 2200px\" \/><div class=\"wp-block-cover__inner-container\">\n<p class=\"has-text-align-center has-large-font-size\"><\/p>\n<\/div><\/div>\n\n\n\n<\/header>\n\n\n<h1 class=\"wp-block-heading\">CRLT<\/h1>\n\n\n\n<p>En parall\u00e8le de la cr\u00e9ation de&nbsp;<em>The Siberian Trombinoscope<\/em>, Pilot Fishes ont men\u00e9 un projet interactif qui s\u2019appelle&nbsp;<em>CRLT<\/em>. S\u2019inspirant de la m\u00e9thode scientifique et de marketing des focus groups, elles ont ainsi invit\u00e9 des petits groupes de personnes \u00e0 donner leur avis sur&nbsp;<em>The Siberian Trombinoscope<\/em>&nbsp;en cours d\u2019\u00e9laboration.&nbsp;<\/p>\n\n\n\n<p>\u00ab Nous voulons mettre les \u00e9l\u00e9ments de notre processus de cr\u00e9ation sur une table, autour de laquelle il y aura des gens venus, avec leurs identit\u00e9s respectives, r\u00e9fl\u00e9chir avec nous au contenu et au d\u00e9veloppement du travail en cours. \u00bb<\/p>\n\n\n\n<p>Ainsi, 11 groupes au total ont particip\u00e9 aux sessions CRLT sur l\u2019ann\u00e9e de cr\u00e9ation.<\/p>\n\n\n\n<p>Pour rendre compte de ce processus, Alina et L\u00e9a ont invit\u00e9 deux artistes plasticiens, Vincent-Micha\u00ebl Vallet et Fanny Gicquel, \u00e0 cr\u00e9er une oeuvre plastique qui a fait l\u2019objet d\u2019une installation dans le cadre du&nbsp;&nbsp;<a href=\"https:\/\/www.letriangle.org\/-Agitato-2019-\">Festival Agitato<\/a>&nbsp;\u00e0 Rennes, en parall\u00e8le de la diffusion de la pi\u00e8ce.&nbsp;<\/p>\n\n\n\n<p>L\u2019installation&nbsp;<em><a href=\"https:\/\/www.letriangle.org\/CRLT\">CRLT<\/a><\/em>&nbsp;retrace les grandes interrogations r\u00e9currentes des participant-e-s et des chor\u00e9graphes. Elle donne \u00e0 voir les espaces du processus de la pi\u00e8ce et ouvre plus largement sur l\u2019imaginaire collectif associ\u00e9 \u00e0 la danse.<\/p>\n\n\n\n<div class=\"wp-block-group has-eggshell-background-color has-background is-layout-flow\"><div class=\"wp-block-group__inner-container\">\n<h3 class=\"wp-block-heading\"><em>CRLT<\/em> participantes<\/h3>\n\n\n\n<p>Botrel Olivier, Plessis Irene, Jagoury Yvette, Valer Constance, Brillant Dominique, Siad Christiane.<\/p>\n\n\n\n<p>Le Coq Sophie, R\u00e9gnauld Enora, Renaud Lauriane, Piazza V\u00e9ronic, Georget Vincent, Murez Juliette, Renoux Lola, Mercier Ma\u00efwenn.<\/p>\n\n\n\n<p>Flouzat Delphine, Gueho Catherine, Royer Ad\u00e8le, Royer Emmanuel, Le Deun Erell, Vasseur Claude, Samarra\u00efe Nesrine, Richer Melanie.<\/p>\n\n\n\n<p>Henrio Anna, Delfosse Clara, Bourlet Apolline, Le Merlus Dany.<\/p>\n\n\n\n<p>Berg\u00e9 Gala, Rayr Jeanne, Makana Marthe, Martin Maria.<\/p>\n\n\n\n<p>Grasset Virginie, Conan Ghislaine, Berard Pascal, Denniel Nathalie, Bellegarde Delphine, Marcault Sabrina, Desbois Nadine.<\/p>\n\n\n\n<p>Fofana Dialy, Traor\u00e9 Bougary, Sidib\u00e9 Adama, Sidib\u00e9 Alassane, Adama Diarra, Sissako Madi, Fofana Dialy, Tounitara Habou, Soudday Hassanali, Traor\u00e9 Moussa, Daoud Abdillah, Lardais-Leroux Yvan, Raynaud Marie-Christine.<\/p>\n\n\n\n<p>Brossault Chrystele, Hervieux Mathilde, Simon Sylvie.<\/p>\n\n\n\n<p>Martin Jane, Ladjads Rachel, Kesseng Blanche, Audes Emmanuel.<\/p>\n\n\n\n<p>Chapron Dominique, Vitel Gilbert, Hebert Catherine, Massot Miryam, Claire Oph\u00e9lie, Ladroue Mark, Villain Fr\u00e9d\u00e9rique, Giard Emeline, Martin Valentine.<\/p>\n\n\n\n<p>Cancoin Louisa, Rocaboy Nicole, M\u00e9lou Julie, Casagranda Marie , Fraslin Ines, Daniel Prune, Gahi Lisa, Julou Pierrick<\/p>\n<\/div><\/div>\n\n\n\n<div class=\"wp-block-columns is-layout-flex wp-container-6\">\n<div class=\"wp-block-column is-layout-flow\">\n<figure class=\"wp-block-image size-large\"><img decoding=\"async\" loading=\"lazy\" width=\"724\" height=\"1024\" src=\"https:\/\/pilotfishes.com\/wp-content\/uploads\/2019\/01\/seri-1-724x1024.jpg\" alt=\"\" class=\"wp-image-428\" srcset=\"https:\/\/pilotfishes.com\/wp-content\/uploads\/2019\/01\/seri-1-724x1024.jpg 724w, https:\/\/pilotfishes.com\/wp-content\/uploads\/2019\/01\/seri-1-212x300.jpg 212w, https:\/\/pilotfishes.com\/wp-content\/uploads\/2019\/01\/seri-1-768x1086.jpg 768w, https:\/\/pilotfishes.com\/wp-content\/uploads\/2019\/01\/seri-1-1086x1536.jpg 1086w, https:\/\/pilotfishes.com\/wp-content\/uploads\/2019\/01\/seri-1.jpg 1190w\" sizes=\"(max-width: 724px) 100vw, 724px\" \/><\/figure>\n<\/div>\n\n\n\n<div class=\"wp-block-column is-layout-flow\">\n<figure class=\"wp-block-image size-large\"><img decoding=\"async\" loading=\"lazy\" width=\"724\" height=\"1024\" src=\"https:\/\/pilotfishes.com\/wp-content\/uploads\/2019\/01\/a3-724x1024.jpg\" alt=\"\" class=\"wp-image-430\" srcset=\"https:\/\/pilotfishes.com\/wp-content\/uploads\/2019\/01\/a3-724x1024.jpg 724w, https:\/\/pilotfishes.com\/wp-content\/uploads\/2019\/01\/a3-212x300.jpg 212w, https:\/\/pilotfishes.com\/wp-content\/uploads\/2019\/01\/a3-768x1086.jpg 768w, https:\/\/pilotfishes.com\/wp-content\/uploads\/2019\/01\/a3-1086x1536.jpg 1086w, https:\/\/pilotfishes.com\/wp-content\/uploads\/2019\/01\/a3.jpg 1190w\" sizes=\"(max-width: 724px) 100vw, 724px\" \/><\/figure>\n<\/div>\n\n\n\n<div class=\"wp-block-column is-layout-flow\">\n<figure class=\"wp-block-image size-large\"><img decoding=\"async\" loading=\"lazy\" width=\"724\" height=\"1024\" src=\"https:\/\/pilotfishes.com\/wp-content\/uploads\/2019\/01\/a3b-724x1024.jpg\" alt=\"\" class=\"wp-image-432\" srcset=\"https:\/\/pilotfishes.com\/wp-content\/uploads\/2019\/01\/a3b-724x1024.jpg 724w, https:\/\/pilotfishes.com\/wp-content\/uploads\/2019\/01\/a3b-212x300.jpg 212w, https:\/\/pilotfishes.com\/wp-content\/uploads\/2019\/01\/a3b-768x1086.jpg 768w, https:\/\/pilotfishes.com\/wp-content\/uploads\/2019\/01\/a3b-1086x1536.jpg 1086w, https:\/\/pilotfishes.com\/wp-content\/uploads\/2019\/01\/a3b.jpg 1190w\" sizes=\"(max-width: 724px) 100vw, 724px\" \/><\/figure>\n<\/div>\n\n\n\n<div class=\"wp-block-column is-layout-flow\">\n<figure class=\"wp-block-image size-large\"><img decoding=\"async\" loading=\"lazy\" width=\"709\" height=\"1024\" src=\"https:\/\/pilotfishes.com\/wp-content\/uploads\/2019\/01\/seri-5-709x1024.jpg\" alt=\"\" class=\"wp-image-434\" srcset=\"https:\/\/pilotfishes.com\/wp-content\/uploads\/2019\/01\/seri-5-709x1024.jpg 709w, https:\/\/pilotfishes.com\/wp-content\/uploads\/2019\/01\/seri-5-208x300.jpg 208w, https:\/\/pilotfishes.com\/wp-content\/uploads\/2019\/01\/seri-5-768x1110.jpg 768w, https:\/\/pilotfishes.com\/wp-content\/uploads\/2019\/01\/seri-5-1063x1536.jpg 1063w, https:\/\/pilotfishes.com\/wp-content\/uploads\/2019\/01\/seri-5.jpg 1275w\" sizes=\"(max-width: 709px) 100vw, 709px\" \/><\/figure>\n<\/div>\n<\/div>\n\n\n\n<div class=\"wp-block-group credits has-ghost-white-background-color has-background is-layout-flow\"><div class=\"wp-block-group__inner-container\">\n<p><strong><em>Conception<\/em><\/strong> Alina Bilokon | Lea Rault<br><strong><em>Assistance &amp; Installation<\/em><\/strong> <em>CRLT&nbsp;<\/em> Fanny Gicquel &amp; Vincent-Micka\u00ebl Vallet<\/p>\n\n\n\n<p><strong><em>Production<\/em><\/strong> PILOT FISHES<br><strong><em>Coproduction<\/em><\/strong> Le Triangle \u2013 Rennes | Sc\u00e8nes du Golfe &#8211; Vannes &amp; Arradon | Danse \u00e0 tous les \u00e9tages | Relais Culturel R\u00e9gional du Pays de Falaise | La Ville Robert &#8211; Pordic<br><strong><em>Support<\/em><\/strong>&nbsp;R\u00e9seau Tremplin | Direction R\u00e9gionale des Affaires Culturelles au titre de l\u2019aide au projet | R\u00e9gion Bretagne&nbsp;| D\u00e9partement des C\u00f4tes d\u2019Armor | Caisse des d\u00e9p\u00f4ts.<br><strong><em>Studios<\/em><\/strong> R\u00e9servoir danse<\/p>\n<\/div><\/div>\n","protected":false},"excerpt":{"rendered":"<p>CRLT En parall\u00e8le de la cr\u00e9ation de&nbsp;The Siberian Trombinoscope, Pilot Fishes ont men\u00e9 un projet interactif qui s\u2019appelle&nbsp;CRLT. S\u2019inspirant de la m\u00e9thode scientifique et de marketing des focus groups, elles ont ainsi invit\u00e9 des petits groupes de personnes \u00e0 donner leur avis sur&nbsp;The Siberian Trombinoscope&nbsp;en cours d\u2019\u00e9laboration.&nbsp; \u00ab Nous voulons mettre les \u00e9l\u00e9ments de notre<\/p>\n","protected":false},"author":1,"featured_media":387,"parent":0,"menu_order":0,"comment_status":"closed","ping_status":"closed","template":"","meta":[],"yoast_head":"<!-- This site is optimized with the Yoast SEO plugin v21.8.1 - https:\/\/yoast.com\/wordpress\/plugins\/seo\/ -->\n<title>CRLT &#8226; PILOT FISHES<\/title>\n<meta name=\"robots\" content=\"index, follow, max-snippet:-1, max-image-preview:large, max-video-preview:-1\" \/>\n<link rel=\"canonical\" href=\"https:\/\/pilotfishes.com\/fr\/crlt\/\" \/>\n<meta property=\"og:locale\" content=\"fr_FR\" \/>\n<meta property=\"og:type\" content=\"article\" \/>\n<meta property=\"og:title\" content=\"CRLT &#8226; PILOT FISHES\" \/>\n<meta property=\"og:description\" content=\"CRLT En parall\u00e8le de la cr\u00e9ation de&nbsp;The Siberian Trombinoscope, Pilot Fishes ont men\u00e9 un projet interactif qui s\u2019appelle&nbsp;CRLT. S\u2019inspirant de la m\u00e9thode scientifique et de marketing des focus groups, elles ont ainsi invit\u00e9 des petits groupes de personnes \u00e0 donner leur avis sur&nbsp;The Siberian Trombinoscope&nbsp;en cours d\u2019\u00e9laboration.&nbsp; \u00ab Nous voulons mettre les \u00e9l\u00e9ments de notre\" \/>\n<meta property=\"og:url\" content=\"https:\/\/pilotfishes.com\/fr\/crlt\/\" \/>\n<meta property=\"og:site_name\" content=\"PILOT FISHES\" \/>\n<meta property=\"article:publisher\" content=\"https:\/\/www.facebook.com\/Pilot-Fishes-481408215257472\/\" \/>\n<meta property=\"article:modified_time\" content=\"2021-10-07T09:09:58+00:00\" \/>\n<meta property=\"og:image\" content=\"https:\/\/pilotfishes.com\/wp-content\/uploads\/2019\/01\/visuel-crlt-agitato-1024x598.jpg\" \/>\n\t<meta property=\"og:image:width\" content=\"1024\" \/>\n\t<meta property=\"og:image:height\" content=\"598\" \/>\n\t<meta property=\"og:image:type\" content=\"image\/jpeg\" \/>\n<meta name=\"twitter:card\" content=\"summary_large_image\" \/>\n<meta name=\"twitter:label1\" content=\"Dur\u00e9e de lecture estim\u00e9e\" \/>\n\t<meta name=\"twitter:data1\" content=\"3 minutes\" \/>\n<script type=\"application\/ld+json\" class=\"yoast-schema-graph\">{\"@context\":\"https:\/\/schema.org\",\"@graph\":[{\"@type\":\"WebPage\",\"@id\":\"https:\/\/pilotfishes.com\/fr\/crlt\/\",\"url\":\"https:\/\/pilotfishes.com\/fr\/crlt\/\",\"name\":\"CRLT &#8226; PILOT FISHES\",\"isPartOf\":{\"@id\":\"https:\/\/pilotfishes.com\/#website\"},\"datePublished\":\"2019-01-04T18:16:34+00:00\",\"dateModified\":\"2021-10-07T09:09:58+00:00\",\"inLanguage\":\"fr-FR\",\"potentialAction\":[{\"@type\":\"ReadAction\",\"target\":[\"https:\/\/pilotfishes.com\/fr\/crlt\/\"]}]},{\"@type\":\"WebSite\",\"@id\":\"https:\/\/pilotfishes.com\/#website\",\"url\":\"https:\/\/pilotfishes.com\/\",\"name\":\"PILOT FISHES\",\"description\":\"Dance. Dance. Dance.\",\"potentialAction\":[{\"@type\":\"SearchAction\",\"target\":{\"@type\":\"EntryPoint\",\"urlTemplate\":\"https:\/\/pilotfishes.com\/?s={search_term_string}\"},\"query-input\":\"required name=search_term_string\"}],\"inLanguage\":\"fr-FR\"}]}<\/script>\n<!-- \/ Yoast SEO plugin. -->","yoast_head_json":{"title":"CRLT &#8226; PILOT FISHES","robots":{"index":"index","follow":"follow","max-snippet":"max-snippet:-1","max-image-preview":"max-image-preview:large","max-video-preview":"max-video-preview:-1"},"canonical":"https:\/\/pilotfishes.com\/fr\/crlt\/","og_locale":"fr_FR","og_type":"article","og_title":"CRLT &#8226; PILOT FISHES","og_description":"CRLT En parall\u00e8le de la cr\u00e9ation de&nbsp;The Siberian Trombinoscope, Pilot Fishes ont men\u00e9 un projet interactif qui s\u2019appelle&nbsp;CRLT. S\u2019inspirant de la m\u00e9thode scientifique et de marketing des focus groups, elles ont ainsi invit\u00e9 des petits groupes de personnes \u00e0 donner leur avis sur&nbsp;The Siberian Trombinoscope&nbsp;en cours d\u2019\u00e9laboration.&nbsp; \u00ab Nous voulons mettre les \u00e9l\u00e9ments de notre","og_url":"https:\/\/pilotfishes.com\/fr\/crlt\/","og_site_name":"PILOT FISHES","article_publisher":"https:\/\/www.facebook.com\/Pilot-Fishes-481408215257472\/","article_modified_time":"2021-10-07T09:09:58+00:00","og_image":[{"width":1024,"height":598,"url":"https:\/\/pilotfishes.com\/wp-content\/uploads\/2019\/01\/visuel-crlt-agitato-1024x598.jpg","type":"image\/jpeg"}],"twitter_card":"summary_large_image","twitter_misc":{"Dur\u00e9e de lecture estim\u00e9e":"3 minutes"},"schema":{"@context":"https:\/\/schema.org","@graph":[{"@type":"WebPage","@id":"https:\/\/pilotfishes.com\/fr\/crlt\/","url":"https:\/\/pilotfishes.com\/fr\/crlt\/","name":"CRLT &#8226; PILOT FISHES","isPartOf":{"@id":"https:\/\/pilotfishes.com\/#website"},"datePublished":"2019-01-04T18:16:34+00:00","dateModified":"2021-10-07T09:09:58+00:00","inLanguage":"fr-FR","potentialAction":[{"@type":"ReadAction","target":["https:\/\/pilotfishes.com\/fr\/crlt\/"]}]},{"@type":"WebSite","@id":"https:\/\/pilotfishes.com\/#website","url":"https:\/\/pilotfishes.com\/","name":"PILOT FISHES","description":"Dance. Dance. Dance.","potentialAction":[{"@type":"SearchAction","target":{"@type":"EntryPoint","urlTemplate":"https:\/\/pilotfishes.com\/?s={search_term_string}"},"query-input":"required name=search_term_string"}],"inLanguage":"fr-FR"}]}},"_links":{"self":[{"href":"https:\/\/pilotfishes.com\/fr\/wp-json\/wp\/v2\/pages\/591"}],"collection":[{"href":"https:\/\/pilotfishes.com\/fr\/wp-json\/wp\/v2\/pages"}],"about":[{"href":"https:\/\/pilotfishes.com\/fr\/wp-json\/wp\/v2\/types\/page"}],"author":[{"embeddable":true,"href":"https:\/\/pilotfishes.com\/fr\/wp-json\/wp\/v2\/users\/1"}],"replies":[{"embeddable":true,"href":"https:\/\/pilotfishes.com\/fr\/wp-json\/wp\/v2\/comments?post=591"}],"version-history":[{"count":4,"href":"https:\/\/pilotfishes.com\/fr\/wp-json\/wp\/v2\/pages\/591\/revisions"}],"predecessor-version":[{"id":768,"href":"https:\/\/pilotfishes.com\/fr\/wp-json\/wp\/v2\/pages\/591\/revisions\/768"}],"wp:featuredmedia":[{"embeddable":true,"href":"https:\/\/pilotfishes.com\/fr\/wp-json\/wp\/v2\/media\/387"}],"wp:attachment":[{"href":"https:\/\/pilotfishes.com\/fr\/wp-json\/wp\/v2\/media?parent=591"}],"curies":[{"name":"wp","href":"https:\/\/api.w.org\/{rel}","templated":true}]}}