{"id":584,"date":"2017-11-11T11:03:47","date_gmt":"2017-11-11T11:03:47","guid":{"rendered":"https:\/\/pilotfishes.com\/?page_id=584"},"modified":"2025-11-05T15:46:23","modified_gmt":"2025-11-05T15:46:23","slug":"home","status":"publish","type":"page","link":"https:\/\/pilotfishes.com\/fr\/","title":{"rendered":"Home"},"content":{"rendered":"<header>\n\n    \n\n<div class=\"wp-block-cover is-light\"><span aria-hidden=\"true\" class=\"wp-block-cover__background has-background-dim-0 has-background-dim\"><\/span><img decoding=\"async\" loading=\"lazy\" width=\"2400\" height=\"1344\" class=\"wp-block-cover__image-background wp-image-416\" alt=\"\" src=\"https:\/\/pilotfishes.com\/wp-content\/uploads\/2019\/01\/home-poster.jpg\" data-object-fit=\"cover\" srcset=\"https:\/\/pilotfishes.com\/wp-content\/uploads\/2019\/01\/home-poster.jpg 2400w, https:\/\/pilotfishes.com\/wp-content\/uploads\/2019\/01\/home-poster-300x168.jpg 300w, https:\/\/pilotfishes.com\/wp-content\/uploads\/2019\/01\/home-poster-1024x573.jpg 1024w, https:\/\/pilotfishes.com\/wp-content\/uploads\/2019\/01\/home-poster-768x430.jpg 768w, https:\/\/pilotfishes.com\/wp-content\/uploads\/2019\/01\/home-poster-1536x860.jpg 1536w, https:\/\/pilotfishes.com\/wp-content\/uploads\/2019\/01\/home-poster-2048x1147.jpg 2048w\" sizes=\"(max-width: 2400px) 100vw, 2400px\" \/><div class=\"wp-block-cover__inner-container\">\n<p class=\"has-text-align-center has-large-font-size\"><\/p>\n<\/div><\/div>\n\n\n\n<\/header>\n\n\n<div class=\"wp-block-media-text alignwide is-stacked-on-mobile is-vertically-aligned-top\"><figure class=\"wp-block-media-text__media\"><img decoding=\"async\" loading=\"lazy\" width=\"1024\" height=\"576\" src=\"https:\/\/pilotfishes.com\/wp-content\/uploads\/2017\/11\/fish-horizontal-1024x576.png\" alt=\"\" class=\"wp-image-248 size-full\" srcset=\"https:\/\/pilotfishes.com\/wp-content\/uploads\/2017\/11\/fish-horizontal-1024x576.png 1024w, https:\/\/pilotfishes.com\/wp-content\/uploads\/2017\/11\/fish-horizontal-300x169.png 300w, https:\/\/pilotfishes.com\/wp-content\/uploads\/2017\/11\/fish-horizontal-768x432.png 768w, https:\/\/pilotfishes.com\/wp-content\/uploads\/2017\/11\/fish-horizontal-1536x864.png 1536w, https:\/\/pilotfishes.com\/wp-content\/uploads\/2017\/11\/fish-horizontal-2048x1152.png 2048w, https:\/\/pilotfishes.com\/wp-content\/uploads\/2017\/11\/fish-horizontal-640x360.png 640w, https:\/\/pilotfishes.com\/wp-content\/uploads\/2017\/11\/fish-horizontal-960x540.png 960w\" sizes=\"(max-width: 1024px) 100vw, 1024px\" \/><\/figure><div class=\"wp-block-media-text__content\">\n<div class=\"wp-block-group has-white-background-color has-background is-layout-flow\"><div class=\"wp-block-group__inner-container\">\n<p>Pilot Fishes est une association de deux t\u00eates.<br>Deux t\u00eates qui ont une attirance commune pour les m\u00e9taphores et les all\u00e9gories, la fiction et le phras\u00e9 lyrique, l\u2019absurde et la r\u00e9alit\u00e9 augment\u00e9e.<br>Avec leurs collaborateurs et collaboratrices, elles d\u00e9veloppent une triple \u00e9criture : le mouvement, le texte et la musique.&nbsp;<\/p>\n\n\n\n<div class=\"wp-block-button\"><a class=\"wp-block-button__link wp-element-button\" href=\"https:\/\/pilotfishes.com\/fr\/alina-and-lea\/\">Lire nos biographies<\/a><\/div>\n<\/div><\/div>\n<\/div><\/div>\n\n\n\n<div class=\"wp-block-media-text alignwide has-media-on-the-right is-stacked-on-mobile is-image-fill has-eggshell-background-color has-background\"><div class=\"wp-block-media-text__content\">\n<div class=\"wp-block-group is-layout-flow\"><div class=\"wp-block-group__inner-container\">\n<div class=\"wp-block-group is-layout-constrained\"><div class=\"wp-block-group__inner-container\">\n<h2 class=\"wp-block-heading\">Vous Pouvez Nous Voir<\/h2>\n\n\n\n<div class=\"wp-block-group is-layout-constrained\"><div class=\"wp-block-group__inner-container\">\n<h5 class=\"wp-block-heading\">Spectacles<\/h5>\n\n\n\n<p><strong><strong>EN HAUT EN BAS<\/strong><\/strong><\/p>\n\n\n\n<p><strong>10 f\u00e9vrier 2026<\/strong>\u00a0\u2013 14h (scolaire) \u2013 Le Mac Orlan, Brest<br><strong>11 f\u00e9vrier 2026<\/strong>\u00a0\u2013 19h (tout public) \u2013 Le Mac Orlan, Brest<\/p>\n\n\n\n<p><\/p>\n\n\n\n<p><strong>FACE B\u00a0<\/strong>\u2013\u00a0<strong>Nouvelle Creation 2027<\/strong><\/p>\n\n\n\n<p><\/p>\n<\/div><\/div>\n<\/div><\/div>\n<\/div><\/div>\n<\/div><figure class=\"wp-block-media-text__media\" style=\"background-image:url(https:\/\/pilotfishes.com\/wp-content\/uploads\/2025\/01\/DSC03888-2-683x1024.jpg);background-position:50% 50%\"><img decoding=\"async\" loading=\"lazy\" width=\"683\" height=\"1024\" src=\"https:\/\/pilotfishes.com\/wp-content\/uploads\/2025\/01\/DSC03888-2-683x1024.jpg\" alt=\"\" class=\"wp-image-1182 size-full\" srcset=\"https:\/\/pilotfishes.com\/wp-content\/uploads\/2025\/01\/DSC03888-2-683x1024.jpg 683w, https:\/\/pilotfishes.com\/wp-content\/uploads\/2025\/01\/DSC03888-2-200x300.jpg 200w, https:\/\/pilotfishes.com\/wp-content\/uploads\/2025\/01\/DSC03888-2-768x1152.jpg 768w, https:\/\/pilotfishes.com\/wp-content\/uploads\/2025\/01\/DSC03888-2-160x240.jpg 160w, https:\/\/pilotfishes.com\/wp-content\/uploads\/2025\/01\/DSC03888-2-320x480.jpg 320w, https:\/\/pilotfishes.com\/wp-content\/uploads\/2025\/01\/DSC03888-2-640x960.jpg 640w, https:\/\/pilotfishes.com\/wp-content\/uploads\/2025\/01\/DSC03888-2-960x1440.jpg 960w, https:\/\/pilotfishes.com\/wp-content\/uploads\/2025\/01\/DSC03888-2-scaled.jpg 1707w\" sizes=\"(max-width: 683px) 100vw, 683px\" \/><\/figure><\/div>\n\n\n\n<div class=\"wp-block-media-text alignwide is-stacked-on-mobile is-image-fill has-eggshell-background-color has-background\"><figure class=\"wp-block-media-text__media\" style=\"background-image:url(https:\/\/pilotfishes.com\/wp-content\/uploads\/2025\/01\/DSC05224-683x1024.jpg);background-position:50% 50%\"><img decoding=\"async\" loading=\"lazy\" width=\"683\" height=\"1024\" src=\"https:\/\/pilotfishes.com\/wp-content\/uploads\/2025\/01\/DSC05224-683x1024.jpg\" alt=\"\" class=\"wp-image-1180 size-full\" srcset=\"https:\/\/pilotfishes.com\/wp-content\/uploads\/2025\/01\/DSC05224-683x1024.jpg 683w, https:\/\/pilotfishes.com\/wp-content\/uploads\/2025\/01\/DSC05224-200x300.jpg 200w, https:\/\/pilotfishes.com\/wp-content\/uploads\/2025\/01\/DSC05224-768x1152.jpg 768w, https:\/\/pilotfishes.com\/wp-content\/uploads\/2025\/01\/DSC05224-160x240.jpg 160w, https:\/\/pilotfishes.com\/wp-content\/uploads\/2025\/01\/DSC05224-320x480.jpg 320w, https:\/\/pilotfishes.com\/wp-content\/uploads\/2025\/01\/DSC05224-640x960.jpg 640w, https:\/\/pilotfishes.com\/wp-content\/uploads\/2025\/01\/DSC05224-960x1440.jpg 960w, https:\/\/pilotfishes.com\/wp-content\/uploads\/2025\/01\/DSC05224-scaled.jpg 1707w\" sizes=\"(max-width: 683px) 100vw, 683px\" \/><\/figure><div class=\"wp-block-media-text__content\">\n<div class=\"wp-block-group is-layout-flow\"><div class=\"wp-block-group__inner-container\">\n<div class=\"wp-block-group is-layout-constrained\"><div class=\"wp-block-group__inner-container\">\n<div class=\"wp-block-group is-layout-constrained\"><div class=\"wp-block-group__inner-container\">\n<div class=\"wp-block-group is-layout-constrained\"><div class=\"wp-block-group__inner-container\">\n<h5 class=\"wp-block-heading\">Actions Culturelles<\/h5>\n\n\n\n<h5 class=\"wp-block-heading\"><\/h5>\n\n\n\n<p><strong>17 janvier 2026<\/strong>\u00a0\u2013 Masterclass \u00e0 l\u2019invitation de GANG \u2013 Le Quartz, Brest<\/p>\n\n\n\n<p><strong>10 f\u00e9vrier 2026<\/strong>\u00a0\u2013 Atelier scolaire, en partenariat avec le Mac Orlan, Brest<\/p>\n\n\n\n<p><strong>11 f\u00e9vrier 2026<\/strong>\u00a0\u2013 Atelier parents \u2013 enfants,\u00a0en partenariat avec le Mac Orlan, Brest<\/p>\n<\/div><\/div>\n\n\n\n<h5 class=\"wp-block-heading\"><\/h5>\n<\/div><\/div>\n<\/div><\/div>\n<\/div><\/div>\n<\/div><\/div>\n\n\n\n<div class=\"wp-block-group p-p2 p-md-p4 has-eggshell-background-color has-background is-layout-flow\"><div class=\"wp-block-group__inner-container\">\n<h2 class=\"wp-block-heading\">Vous Pouvez Nous Suivre<\/h2>\n\n\n\n<p>inscrivez-vous pour recevoir les nouvelles de Pilot Fishes<br>[sibwp_form id=1]\n<\/div><\/div>\n","protected":false},"excerpt":{"rendered":"<p>Vous Pouvez Nous Suivre inscrivez-vous pour recevoir les nouvelles de Pilot Fishes[sibwp_form id=1]<\/p>\n","protected":false},"author":1,"featured_media":0,"parent":0,"menu_order":0,"comment_status":"closed","ping_status":"open","template":"","meta":[],"yoast_head":"<!-- This site is optimized with the Yoast SEO plugin v21.8.1 - https:\/\/yoast.com\/wordpress\/plugins\/seo\/ -->\n<title>PILOT FISHES, Dance Performance. Alina Bilokon, L\u00e9a Rault.<\/title>\n<meta name=\"description\" content=\"Danse. Dance. Performance. Theatre.\" \/>\n<meta name=\"robots\" content=\"index, follow, max-snippet:-1, max-image-preview:large, max-video-preview:-1\" \/>\n<link rel=\"canonical\" href=\"https:\/\/pilotfishes.com\/fr\/\" \/>\n<meta property=\"og:locale\" content=\"fr_FR\" \/>\n<meta property=\"og:type\" content=\"article\" \/>\n<meta property=\"og:title\" content=\"PILOT FISHES, Dance Performance. Alina Bilokon, L\u00e9a Rault.\" \/>\n<meta property=\"og:description\" content=\"Danse. Dance. Performance. Theatre.\" \/>\n<meta property=\"og:url\" content=\"https:\/\/pilotfishes.com\/fr\/\" \/>\n<meta property=\"og:site_name\" content=\"PILOT FISHES\" \/>\n<meta property=\"article:publisher\" content=\"https:\/\/www.facebook.com\/Pilot-Fishes-481408215257472\/\" \/>\n<meta property=\"article:modified_time\" content=\"2025-11-05T15:46:23+00:00\" \/>\n<meta property=\"og:image\" content=\"https:\/\/pilotfishes.com\/wp-content\/uploads\/2019\/01\/home-poster.jpg\" \/>\n<meta name=\"twitter:card\" content=\"summary_large_image\" \/>\n<meta name=\"twitter:label1\" content=\"Dur\u00e9e de lecture estim\u00e9e\" \/>\n\t<meta name=\"twitter:data1\" content=\"2 minutes\" \/>\n<script type=\"application\/ld+json\" class=\"yoast-schema-graph\">{\"@context\":\"https:\/\/schema.org\",\"@graph\":[{\"@type\":\"WebPage\",\"@id\":\"https:\/\/pilotfishes.com\/fr\/\",\"url\":\"https:\/\/pilotfishes.com\/fr\/\",\"name\":\"PILOT FISHES, Dance Performance. Alina Bilokon, L\u00e9a Rault.\",\"isPartOf\":{\"@id\":\"https:\/\/pilotfishes.com\/#website\"},\"datePublished\":\"2017-11-11T11:03:47+00:00\",\"dateModified\":\"2025-11-05T15:46:23+00:00\",\"description\":\"Danse. Dance. Performance. Theatre.\",\"inLanguage\":\"fr-FR\",\"potentialAction\":[{\"@type\":\"ReadAction\",\"target\":[\"https:\/\/pilotfishes.com\/fr\/\"]}]},{\"@type\":\"WebSite\",\"@id\":\"https:\/\/pilotfishes.com\/#website\",\"url\":\"https:\/\/pilotfishes.com\/\",\"name\":\"PILOT FISHES\",\"description\":\"Dance. Dance. Dance.\",\"potentialAction\":[{\"@type\":\"SearchAction\",\"target\":{\"@type\":\"EntryPoint\",\"urlTemplate\":\"https:\/\/pilotfishes.com\/?s={search_term_string}\"},\"query-input\":\"required name=search_term_string\"}],\"inLanguage\":\"fr-FR\"}]}<\/script>\n<!-- \/ Yoast SEO plugin. -->","yoast_head_json":{"title":"PILOT FISHES, Dance Performance. Alina Bilokon, L\u00e9a Rault.","description":"Danse. Dance. Performance. Theatre.","robots":{"index":"index","follow":"follow","max-snippet":"max-snippet:-1","max-image-preview":"max-image-preview:large","max-video-preview":"max-video-preview:-1"},"canonical":"https:\/\/pilotfishes.com\/fr\/","og_locale":"fr_FR","og_type":"article","og_title":"PILOT FISHES, Dance Performance. Alina Bilokon, L\u00e9a Rault.","og_description":"Danse. Dance. Performance. Theatre.","og_url":"https:\/\/pilotfishes.com\/fr\/","og_site_name":"PILOT FISHES","article_publisher":"https:\/\/www.facebook.com\/Pilot-Fishes-481408215257472\/","article_modified_time":"2025-11-05T15:46:23+00:00","og_image":[{"url":"https:\/\/pilotfishes.com\/wp-content\/uploads\/2019\/01\/home-poster.jpg"}],"twitter_card":"summary_large_image","twitter_misc":{"Dur\u00e9e de lecture estim\u00e9e":"2 minutes"},"schema":{"@context":"https:\/\/schema.org","@graph":[{"@type":"WebPage","@id":"https:\/\/pilotfishes.com\/fr\/","url":"https:\/\/pilotfishes.com\/fr\/","name":"PILOT FISHES, Dance Performance. Alina Bilokon, L\u00e9a Rault.","isPartOf":{"@id":"https:\/\/pilotfishes.com\/#website"},"datePublished":"2017-11-11T11:03:47+00:00","dateModified":"2025-11-05T15:46:23+00:00","description":"Danse. Dance. Performance. Theatre.","inLanguage":"fr-FR","potentialAction":[{"@type":"ReadAction","target":["https:\/\/pilotfishes.com\/fr\/"]}]},{"@type":"WebSite","@id":"https:\/\/pilotfishes.com\/#website","url":"https:\/\/pilotfishes.com\/","name":"PILOT FISHES","description":"Dance. Dance. Dance.","potentialAction":[{"@type":"SearchAction","target":{"@type":"EntryPoint","urlTemplate":"https:\/\/pilotfishes.com\/?s={search_term_string}"},"query-input":"required name=search_term_string"}],"inLanguage":"fr-FR"}]}},"_links":{"self":[{"href":"https:\/\/pilotfishes.com\/fr\/wp-json\/wp\/v2\/pages\/584"}],"collection":[{"href":"https:\/\/pilotfishes.com\/fr\/wp-json\/wp\/v2\/pages"}],"about":[{"href":"https:\/\/pilotfishes.com\/fr\/wp-json\/wp\/v2\/types\/page"}],"author":[{"embeddable":true,"href":"https:\/\/pilotfishes.com\/fr\/wp-json\/wp\/v2\/users\/1"}],"replies":[{"embeddable":true,"href":"https:\/\/pilotfishes.com\/fr\/wp-json\/wp\/v2\/comments?post=584"}],"version-history":[{"count":31,"href":"https:\/\/pilotfishes.com\/fr\/wp-json\/wp\/v2\/pages\/584\/revisions"}],"predecessor-version":[{"id":1198,"href":"https:\/\/pilotfishes.com\/fr\/wp-json\/wp\/v2\/pages\/584\/revisions\/1198"}],"wp:attachment":[{"href":"https:\/\/pilotfishes.com\/fr\/wp-json\/wp\/v2\/media?parent=584"}],"curies":[{"name":"wp","href":"https:\/\/api.w.org\/{rel}","templated":true}]}}