{"id":581,"date":"2017-11-11T12:15:57","date_gmt":"2017-11-11T12:15:57","guid":{"rendered":"https:\/\/pilotfishes.com\/?page_id=581"},"modified":"2023-10-06T15:27:29","modified_gmt":"2023-10-06T14:27:29","slug":"alina-and-lea","status":"publish","type":"page","link":"https:\/\/pilotfishes.com\/fr\/alina-and-lea\/","title":{"rendered":"Alina &#038; L\u00e9a"},"content":{"rendered":"\n<p>Alina et L\u00e9a se rencontrent en 2010 \u00e0 Lisbonne pendant la formation PEPCC organis\u00e9e par Forum Dan\u00e7a.<br>Fin 2012, elles fondent l\u2019association PILOT FISHES en Bretagne pour porter leurs projets en collaboration et projets individuels :\u00a0<em>as unidades m\u00ednimas do sensivel<\/em>\u00a0(2013), trio avec Ur\u00e2ndia Arag\u00e3o ;\u00a0<em>Our Pop Song Will Never Be Popular<\/em>\u00a0(2014), duo ;\u00a0<em>TYJ<\/em>\u00a0(2015), trio avec J\u00e9r\u00e9my Rouault ;\u00a0<em>solos : almanac &amp; C\u2019est confidentiel.<\/em>\u00a0(2017) ;\u00a0<em>TIATR\u00a0<\/em>(2017),<em>\u00a0<\/em>cr\u00e9ation pour une chorale de gospel ;\u00a0<em>CRLT<\/em>\u00a0(2018), projet interactif avec Fanny Gicquel &amp; Vincent-Micka\u00ebl Vallet ;\u00a0<em>The Siberian Trombinoscope<\/em>\u00a0(2019), quatuor avec J\u00e9r\u00e9my Rouault and Laura Perrudin ;\u00a0<em>Life Insurances<\/em>\u00a0(2023), duo.<\/p>\n\n\n\n<div class=\"wp-block-media-text alignwide has-media-on-the-right is-stacked-on-mobile has-sparkles-background-color has-background\"><div class=\"wp-block-media-text__content\">\n<div class=\"wp-block-group has-sparkle-background-color has-background is-layout-flow\"><div class=\"wp-block-group__inner-container\">\n<p>Alina Bilokon (Ukraine \/ Portugal) commence son \u00e9ducation artistique en 1992 \u00e0 l\u2019\u00e9cole des Arts Chor\u00e9graphiques \u00abSonechko \u00bb en Ukraine. En 2005, part au Portugal et continue sa formation en danse \u00e0 travers diff\u00e9rents stages et s\u00e9minaires.<\/p>\n\n\n\n<p>En 2010, termine une Licence \u00e0 l\u2019\u00e9cole Sup\u00e9rieure de Danse de Lisbonne et int\u00e8gre la formation PEPCC \u2013 Forum Dan\u00e7a.&nbsp;<\/p>\n\n\n\n<p>Travaille comme interpr\u00e8te avec Ana Borralho &amp; Jo\u00e3o Galante, Mariana Tengner Barros, Miguel Pereira, Lo\u00efc Touz\u00e9, Paula Rosolen et Boris Charmatz \u00a0<\/p>\n\n\n\n<p class=\"has-text-align-right has-small-font-size\">photography: Lise Gaudaire&nbsp;| graphics: Kristoff Bertram<\/p>\n<\/div><\/div>\n<\/div><figure class=\"wp-block-media-text__media\"><img decoding=\"async\" loading=\"lazy\" width=\"1024\" height=\"576\" src=\"https:\/\/pilotfishes.com\/wp-content\/uploads\/2017\/11\/169-alina-1024x576.jpg\" alt=\"\" class=\"wp-image-120 size-full\" srcset=\"https:\/\/pilotfishes.com\/wp-content\/uploads\/2017\/11\/169-alina-1024x576.jpg 1024w, https:\/\/pilotfishes.com\/wp-content\/uploads\/2017\/11\/169-alina-300x169.jpg 300w, https:\/\/pilotfishes.com\/wp-content\/uploads\/2017\/11\/169-alina-768x432.jpg 768w, https:\/\/pilotfishes.com\/wp-content\/uploads\/2017\/11\/169-alina-1536x864.jpg 1536w, https:\/\/pilotfishes.com\/wp-content\/uploads\/2017\/11\/169-alina-2048x1152.jpg 2048w, https:\/\/pilotfishes.com\/wp-content\/uploads\/2017\/11\/169-alina-640x360.jpg 640w, https:\/\/pilotfishes.com\/wp-content\/uploads\/2017\/11\/169-alina-960x540.jpg 960w\" sizes=\"(max-width: 1024px) 100vw, 1024px\" \/><\/figure><\/div>\n\n\n\n<div class=\"wp-block-media-text alignwide is-stacked-on-mobile has-eggshell-background-color has-background\"><figure class=\"wp-block-media-text__media\"><img decoding=\"async\" loading=\"lazy\" width=\"1024\" height=\"576\" src=\"https:\/\/pilotfishes.com\/wp-content\/uploads\/2017\/11\/lea-visual-1024x576.jpg\" alt=\"\" class=\"wp-image-162 size-full\" srcset=\"https:\/\/pilotfishes.com\/wp-content\/uploads\/2017\/11\/lea-visual-1024x576.jpg 1024w, https:\/\/pilotfishes.com\/wp-content\/uploads\/2017\/11\/lea-visual-300x169.jpg 300w, https:\/\/pilotfishes.com\/wp-content\/uploads\/2017\/11\/lea-visual-768x432.jpg 768w, https:\/\/pilotfishes.com\/wp-content\/uploads\/2017\/11\/lea-visual-1536x864.jpg 1536w, https:\/\/pilotfishes.com\/wp-content\/uploads\/2017\/11\/lea-visual-2048x1152.jpg 2048w, https:\/\/pilotfishes.com\/wp-content\/uploads\/2017\/11\/lea-visual-640x360.jpg 640w, https:\/\/pilotfishes.com\/wp-content\/uploads\/2017\/11\/lea-visual-960x540.jpg 960w\" sizes=\"(max-width: 1024px) 100vw, 1024px\" \/><\/figure><div class=\"wp-block-media-text__content\">\n<div class=\"wp-block-group is-layout-flow\"><div class=\"wp-block-group__inner-container\">\n<p>L\u00e9a&nbsp;Rault (France) se forme \u00e0&nbsp;la danse dans une \u00e9cole Ir\u00e8ne Popard, puis au&nbsp;Conservatoire de Danse Contemporaine de Rennes,&nbsp;en parall\u00e8le de ses \u00e9tudes de Lettres Modernes et Sciences du Langage. De 2010 \u00e0 2012, elle suit&nbsp;la formation PEPCC de Forum Dan\u00e7a \u00e0 Lisbonne.&nbsp;<\/p>\n\n\n\n<p>En parall\u00e8le de ses projets de cr\u00e9ation, L\u00e9a intervient r\u00e9guli\u00e8rement aupr\u00e8s de diff\u00e9rents publics pour mener des ateliers de pratiques chor\u00e9graphiques et des projets de cr\u00e9ation avec des danseur.ses non-professionnel.les. Son parcours est jalonn\u00e9\u00a0de multiples collaborations avec diff\u00e9rent.es\u00a0artistes et structures, autour de projets prot\u00e9\u00efformes (Le Mus\u00e9e de la Danse &#8211;\u00a0<em>Fous de Danse<\/em>,\u00a0<em>Dancers Sleeping Inside a Building\u00a0<\/em>de Jean-Pascal Flavien, Les Tomb\u00e9es de la Nuit &#8211;\u00a0<em>Les Promenades Idiotes<\/em>, Elisa Le Merrer &#8211;\u00a0<em>Banc de Poissons\u00a0<\/em>dans\u00a0<em>La Bo\u00eete Noire<\/em>).<\/p>\n\n\n\n<p>Elle travaille comme interpr\u00e8te pour Christine Le Berre en th\u00e9\u00e2tre d\u2019objets jeune public, (<em>De l\u2019autre c\u00f4t\u00e9 d\u2019Alice<\/em>,&nbsp;<em>Tout Pr\u00e8s d\u2019Alice<\/em>,&nbsp;<em>Vendredi<\/em>), Cl\u00e9dat&amp;Petitpierre,&nbsp;<em>Les Mari\u00e9s, m\u00eame<\/em>, C\u00e9dric Cherdel sur la pi\u00e8ce chor\u00e9graphique&nbsp;<em>Mascarades<\/em>, Catherine Legrand pour le reprise de&nbsp;<em>So Schnell&nbsp;<\/em>de Dominique Bagouet, et la Cie L\u2019Unanime pour la reprise de&nbsp;<em>Romantisme<\/em>.<\/p>\n\n\n\n<p>Fin 2021, L\u00e9a commence une r\u00e9sidence de recherche \u00e0 L&rsquo;L \u00e0 Bruxelles autour de la notion de plaisir en danse.&nbsp;<\/p>\n<\/div><\/div>\n<\/div><\/div>\n","protected":false},"excerpt":{"rendered":"<p>Alina et L\u00e9a se rencontrent en 2010 \u00e0 Lisbonne pendant la formation PEPCC organis\u00e9e par Forum Dan\u00e7a.Fin 2012, elles fondent l\u2019association PILOT FISHES en Bretagne pour porter leurs projets en collaboration et projets individuels :\u00a0as unidades m\u00ednimas do sensivel\u00a0(2013), trio avec Ur\u00e2ndia Arag\u00e3o ;\u00a0Our Pop Song Will Never Be Popular\u00a0(2014), duo ;\u00a0TYJ\u00a0(2015), trio avec J\u00e9r\u00e9my<\/p>\n","protected":false},"author":1,"featured_media":400,"parent":0,"menu_order":0,"comment_status":"closed","ping_status":"closed","template":"","meta":[],"yoast_head":"<!-- This site is optimized with the Yoast SEO plugin v21.8.1 - https:\/\/yoast.com\/wordpress\/plugins\/seo\/ -->\n<title>Alina &amp; L\u00e9a &#8226; PILOT FISHES<\/title>\n<meta name=\"robots\" content=\"index, follow, max-snippet:-1, max-image-preview:large, max-video-preview:-1\" \/>\n<link rel=\"canonical\" href=\"https:\/\/pilotfishes.com\/fr\/alina-and-lea\/\" \/>\n<meta property=\"og:locale\" content=\"fr_FR\" \/>\n<meta property=\"og:type\" content=\"article\" \/>\n<meta property=\"og:title\" content=\"Alina &amp; L\u00e9a &#8226; PILOT FISHES\" \/>\n<meta property=\"og:description\" content=\"Alina et L\u00e9a se rencontrent en 2010 \u00e0 Lisbonne pendant la formation PEPCC organis\u00e9e par Forum Dan\u00e7a.Fin 2012, elles fondent l\u2019association PILOT FISHES en Bretagne pour porter leurs projets en collaboration et projets individuels :\u00a0as unidades m\u00ednimas do sensivel\u00a0(2013), trio avec Ur\u00e2ndia Arag\u00e3o ;\u00a0Our Pop Song Will Never Be Popular\u00a0(2014), duo ;\u00a0TYJ\u00a0(2015), trio avec J\u00e9r\u00e9my\" \/>\n<meta property=\"og:url\" content=\"https:\/\/pilotfishes.com\/fr\/alina-and-lea\/\" \/>\n<meta property=\"og:site_name\" content=\"PILOT FISHES\" \/>\n<meta property=\"article:publisher\" content=\"https:\/\/www.facebook.com\/Pilot-Fishes-481408215257472\/\" \/>\n<meta property=\"article:modified_time\" content=\"2023-10-06T14:27:29+00:00\" \/>\n<meta property=\"og:image\" content=\"https:\/\/pilotfishes.com\/wp-content\/uploads\/2019\/01\/alina-lea.jpg\" \/>\n\t<meta property=\"og:image:width\" content=\"2200\" \/>\n\t<meta property=\"og:image:height\" content=\"1238\" \/>\n\t<meta property=\"og:image:type\" content=\"image\/jpeg\" \/>\n<meta name=\"twitter:card\" content=\"summary_large_image\" \/>\n<meta name=\"twitter:label1\" content=\"Dur\u00e9e de lecture estim\u00e9e\" \/>\n\t<meta name=\"twitter:data1\" content=\"3 minutes\" \/>\n<script type=\"application\/ld+json\" class=\"yoast-schema-graph\">{\"@context\":\"https:\/\/schema.org\",\"@graph\":[{\"@type\":\"WebPage\",\"@id\":\"https:\/\/pilotfishes.com\/fr\/alina-and-lea\/\",\"url\":\"https:\/\/pilotfishes.com\/fr\/alina-and-lea\/\",\"name\":\"Alina & L\u00e9a &#8226; PILOT FISHES\",\"isPartOf\":{\"@id\":\"https:\/\/pilotfishes.com\/#website\"},\"datePublished\":\"2017-11-11T12:15:57+00:00\",\"dateModified\":\"2023-10-06T14:27:29+00:00\",\"inLanguage\":\"fr-FR\",\"potentialAction\":[{\"@type\":\"ReadAction\",\"target\":[\"https:\/\/pilotfishes.com\/fr\/alina-and-lea\/\"]}]},{\"@type\":\"WebSite\",\"@id\":\"https:\/\/pilotfishes.com\/#website\",\"url\":\"https:\/\/pilotfishes.com\/\",\"name\":\"PILOT FISHES\",\"description\":\"Dance. Dance. Dance.\",\"potentialAction\":[{\"@type\":\"SearchAction\",\"target\":{\"@type\":\"EntryPoint\",\"urlTemplate\":\"https:\/\/pilotfishes.com\/?s={search_term_string}\"},\"query-input\":\"required name=search_term_string\"}],\"inLanguage\":\"fr-FR\"}]}<\/script>\n<!-- \/ Yoast SEO plugin. -->","yoast_head_json":{"title":"Alina & L\u00e9a &#8226; PILOT FISHES","robots":{"index":"index","follow":"follow","max-snippet":"max-snippet:-1","max-image-preview":"max-image-preview:large","max-video-preview":"max-video-preview:-1"},"canonical":"https:\/\/pilotfishes.com\/fr\/alina-and-lea\/","og_locale":"fr_FR","og_type":"article","og_title":"Alina & L\u00e9a &#8226; PILOT FISHES","og_description":"Alina et L\u00e9a se rencontrent en 2010 \u00e0 Lisbonne pendant la formation PEPCC organis\u00e9e par Forum Dan\u00e7a.Fin 2012, elles fondent l\u2019association PILOT FISHES en Bretagne pour porter leurs projets en collaboration et projets individuels :\u00a0as unidades m\u00ednimas do sensivel\u00a0(2013), trio avec Ur\u00e2ndia Arag\u00e3o ;\u00a0Our Pop Song Will Never Be Popular\u00a0(2014), duo ;\u00a0TYJ\u00a0(2015), trio avec J\u00e9r\u00e9my","og_url":"https:\/\/pilotfishes.com\/fr\/alina-and-lea\/","og_site_name":"PILOT FISHES","article_publisher":"https:\/\/www.facebook.com\/Pilot-Fishes-481408215257472\/","article_modified_time":"2023-10-06T14:27:29+00:00","og_image":[{"width":2200,"height":1238,"url":"https:\/\/pilotfishes.com\/wp-content\/uploads\/2019\/01\/alina-lea.jpg","type":"image\/jpeg"}],"twitter_card":"summary_large_image","twitter_misc":{"Dur\u00e9e de lecture estim\u00e9e":"3 minutes"},"schema":{"@context":"https:\/\/schema.org","@graph":[{"@type":"WebPage","@id":"https:\/\/pilotfishes.com\/fr\/alina-and-lea\/","url":"https:\/\/pilotfishes.com\/fr\/alina-and-lea\/","name":"Alina & L\u00e9a &#8226; PILOT FISHES","isPartOf":{"@id":"https:\/\/pilotfishes.com\/#website"},"datePublished":"2017-11-11T12:15:57+00:00","dateModified":"2023-10-06T14:27:29+00:00","inLanguage":"fr-FR","potentialAction":[{"@type":"ReadAction","target":["https:\/\/pilotfishes.com\/fr\/alina-and-lea\/"]}]},{"@type":"WebSite","@id":"https:\/\/pilotfishes.com\/#website","url":"https:\/\/pilotfishes.com\/","name":"PILOT FISHES","description":"Dance. Dance. Dance.","potentialAction":[{"@type":"SearchAction","target":{"@type":"EntryPoint","urlTemplate":"https:\/\/pilotfishes.com\/?s={search_term_string}"},"query-input":"required name=search_term_string"}],"inLanguage":"fr-FR"}]}},"_links":{"self":[{"href":"https:\/\/pilotfishes.com\/fr\/wp-json\/wp\/v2\/pages\/581"}],"collection":[{"href":"https:\/\/pilotfishes.com\/fr\/wp-json\/wp\/v2\/pages"}],"about":[{"href":"https:\/\/pilotfishes.com\/fr\/wp-json\/wp\/v2\/types\/page"}],"author":[{"embeddable":true,"href":"https:\/\/pilotfishes.com\/fr\/wp-json\/wp\/v2\/users\/1"}],"replies":[{"embeddable":true,"href":"https:\/\/pilotfishes.com\/fr\/wp-json\/wp\/v2\/comments?post=581"}],"version-history":[{"count":10,"href":"https:\/\/pilotfishes.com\/fr\/wp-json\/wp\/v2\/pages\/581\/revisions"}],"predecessor-version":[{"id":1127,"href":"https:\/\/pilotfishes.com\/fr\/wp-json\/wp\/v2\/pages\/581\/revisions\/1127"}],"wp:featuredmedia":[{"embeddable":true,"href":"https:\/\/pilotfishes.com\/fr\/wp-json\/wp\/v2\/media\/400"}],"wp:attachment":[{"href":"https:\/\/pilotfishes.com\/fr\/wp-json\/wp\/v2\/media?parent=581"}],"curies":[{"name":"wp","href":"https:\/\/api.w.org\/{rel}","templated":true}]}}